{"id":1426,"date":"2020-01-27T12:24:41","date_gmt":"2020-01-27T11:24:41","guid":{"rendered":"https:\/\/www.boutique.admr85.org\/?page_id=1426"},"modified":"2020-02-24T16:34:49","modified_gmt":"2020-02-24T15:34:49","slug":"mentions-legales","status":"publish","type":"page","link":"https:\/\/www.boutique.admr85.org\/index.php\/mentions-legales\/","title":{"rendered":"Mentions l\u00e9gales"},"content":{"rendered":"\t\t<div data-elementor-type=\"wp-page\" data-elementor-id=\"1426\" class=\"elementor elementor-1426\" data-elementor-post-type=\"page\">\n\t\t\t\t\t\t<section class=\"elementor-section elementor-top-section elementor-element elementor-element-237c4764 elementor-section-boxed elementor-section-height-default elementor-section-height-default\" data-id=\"237c4764\" data-element_type=\"section\" data-e-type=\"section\">\n\t\t\t\t\t\t<div class=\"elementor-container elementor-column-gap-default\">\n\t\t\t\t\t<div class=\"elementor-column elementor-col-100 elementor-top-column elementor-element elementor-element-3b9bb26\" data-id=\"3b9bb26\" data-element_type=\"column\" data-e-type=\"column\">\n\t\t\t<div class=\"elementor-widget-wrap elementor-element-populated\">\n\t\t\t\t\t\t<div class=\"elementor-element elementor-element-121dd9c3 elementor-widget elementor-widget-text-editor\" data-id=\"121dd9c3\" data-element_type=\"widget\" data-e-type=\"widget\" data-widget_type=\"text-editor.default\">\n\t\t\t\t<div class=\"elementor-widget-container\">\n\t\t\t\t\t\t\t\t\t<p><\/p>\n<h4 class=\"wp-block-heading\">Propri\u00e9t\u00e9 :<\/h4>\n<p><\/p>\n<p><\/p>\n<p>L\u2019adresse de notre site Web est&nbsp;: https:\/\/boutique.admr85.org<\/p>\n<section data-id=\"7db9a523\" data-element_type=\"section\">\n<div>\n<div>\n<div data-id=\"79c0f8c9\" data-element_type=\"column\">\n<div>\n<div>\n<div data-id=\"5e743118\" data-element_type=\"widget\" data-widget_type=\"text-editor.default\">\n<div>\n<div>\n<p><strong>ADMR Vend\u00e9e<br><\/strong><span style=\"font-size: 14px;\">119 bd des Etats Unis, BP 3 &#8211;&nbsp;<\/span><span style=\"font-size: 14px;\">85001 La Roche-sur-Yon CEDEX<br><\/span>T\u00e9l. : 02 51 44 11 55<\/p>\n<p><\/p>\n<\/div>\n<\/div>\n<\/div>\n<\/div>\n<\/div>\n<\/div>\n<div data-id=\"17b4160a\" data-element_type=\"column\">\n<div>\n<div>&nbsp;<\/div>\n<\/div>\n<\/div>\n<\/div>\n<\/div>\n<\/section>\n<section data-id=\"46e03f6\" data-element_type=\"section\">\n<div>\n<div>\n<div data-id=\"5109b99\" data-element_type=\"column\">\n<div>\n<div>\n<div data-id=\"57e3888\" data-element_type=\"widget\" data-widget_type=\"heading.default\">\n<div>\n<h4>R\u00e9alisation :<\/h4>\n<\/div>\n<\/div>\n<div data-id=\"9903213\" data-element_type=\"widget\" data-widget_type=\"text-editor.default\">\n<div>\n<div>\n<p><strong>MEDIA WAKE UP \u2013 Agence Web \u2013 Imprimerie \u2013 publicit\u00e9 adh\u00e9sive en Vend\u00e9e<\/strong><br>4 rue Marie Curie \u2013 Parc d\u2019activit\u00e9 Vend\u00e9e Sud Loire 1 \u2013 85600 Montaigu \u2013 Bouff\u00e9r\u00e9<br>07 69 94 56 64 \u2013 mediawakeup.fr[<em>at<\/em>]gmail.com<\/p>\n<p><a href=\"https:\/\/www.mediawakeup.fr\/\" target=\"_blank\" rel=\"noopener\">www.mediawakeup.fr<\/a><\/p>\n<\/div>\n<\/div>\n<\/div>\n<\/div>\n<\/div>\n<\/div>\n<div data-id=\"f909466\" data-element_type=\"column\">\n<div>\n<div>&nbsp;<\/div>\n<\/div>\n<\/div>\n<\/div>\n<\/div>\n<\/section>\n<section data-id=\"bb4ba2e\" data-element_type=\"section\">\n<div>\n<div>\n<div data-id=\"1cb0469\" data-element_type=\"column\">\n<div>\n<div>\n<div data-id=\"9a21c47\" data-element_type=\"widget\" data-widget_type=\"heading.default\">\n<div>\n<h4>H\u00e9bergement :<\/h4>\n<\/div>\n<\/div>\n<div data-id=\"f2f7f2e\" data-element_type=\"widget\" data-widget_type=\"text-editor.default\">\n<div>\n<div>\n<p><strong>H\u00e9bergement :<br><\/strong>Le site est h\u00e9berg\u00e9 par la soci\u00e9t\u00e9 OVH<br>Si\u00e8ge Social 2 rue Kellermann \u2013 59100 ROUBAIX<\/p>\n<\/div>\n<\/div>\n<\/div>\n<\/div>\n<\/div>\n<\/div>\n<div data-id=\"f5b70d3\" data-element_type=\"column\">\n<div>\n<div>&nbsp;<\/div>\n<\/div>\n<\/div>\n<\/div>\n<\/div>\n<\/section>\n<section data-id=\"842e686\" data-element_type=\"section\">\n<div>\n<div>\n<div data-id=\"1c89ecb\" data-element_type=\"column\">\n<div>\n<div>\n<div data-id=\"3419475\" data-element_type=\"widget\" data-widget_type=\"heading.default\">\n<div>\n<h4>Propri\u00e9t\u00e9 intellectuelle :&nbsp;<\/h4>\n<\/div>\n<\/div>\n<div data-id=\"6848208\" data-element_type=\"widget\" data-widget_type=\"text-editor.default\">\n<div>\n<div>\n<p>L\u2019ensemble de ce site rel\u00e8ve des l\u00e9gislations fran\u00e7aise et internationale sur le droit d\u2019auteur et la propri\u00e9t\u00e9 intellectuelle. Tous les droits de reproduction sont r\u00e9serv\u00e9s, y compris pour les documents iconographiques et photographiques. L\u2019acc\u00e8s au site vous conf\u00e8re un droit d\u2019usage priv\u00e9 et non exclusif. L\u2019ensemble des \u00e9l\u00e9ments \u00e9dit\u00e9s sur ce site, incluant notamment les textes, photographies, infographies, logos, marques\u2026 constituent des \u0153uvres au sens du code de la Propri\u00e9t\u00e9 Intellectuelle. En cons\u00e9quence, toute repr\u00e9sentation ou reproduction, int\u00e9grale ou partielle, qui pourrait \u00eatre faite sans le consentement de leurs auteurs ou de leurs ayants droit, est illicite.<\/p>\n<\/div>\n<\/div>\n<\/div>\n<\/div>\n<\/div>\n<\/div>\n<div data-id=\"94d7a79\" data-element_type=\"column\">\n<div>\n<div>&nbsp;<\/div>\n<\/div>\n<\/div>\n<\/div>\n<\/div>\n<\/section>\n<section data-id=\"1ab1902\" data-element_type=\"section\">\n<div>\n<div>\n<div data-id=\"8cf3819\" data-element_type=\"column\">\n<div>\n<div>\n<div data-id=\"8ac10e3\" data-element_type=\"widget\" data-widget_type=\"heading.default\">\n<div>\n<h4>Cr\u00e9dits photos :<\/h4>\n<\/div>\n<\/div>\n<div data-id=\"0d63b41\" data-element_type=\"widget\" data-widget_type=\"text-editor.default\">\n<div>\n<div>\n<p>ADMR, AdobeStock<\/p><p><br><\/p>\n<p><\/p>\n<\/div>\n<\/div>\n<\/div>\n<\/div>\n<\/div>\n<\/div>\n<\/div>\n<\/div>\n<\/section>\n<section data-id=\"2a2ddb3\" data-element_type=\"section\">\n<div>\n<div>\n<div data-id=\"5a35d83\" data-element_type=\"column\">\n<div>\n<div>\n<div data-id=\"108e0ec\" data-element_type=\"widget\" data-widget_type=\"heading.default\">\n<div>\n<h4>Informations personnelles :<\/h4>\n<\/div>\n<\/div>\n<div data-id=\"39770ae\" data-element_type=\"widget\" data-widget_type=\"text-editor.default\">\n<div>\n<div>\n<p>Les donn\u00e9es personnelles recueillies sur le site r\u00e9sultent de la communication volontaire d\u2019une adresse de courrier \u00e9lectronique lors de l\u2019envoi d\u2019un formulaire de demande d\u2019information ou r\u00e9servation.<br>Les adresses E-mail ainsi recueillies ne servent qu\u2019\u00e0 transmettre les \u00e9l\u00e9ments d\u2019information demand\u00e9s. Les adresses \u00e9lectroniques collect\u00e9es ne feront l\u2019objet d\u2019aucune cession \u00e0 des tiers ni d\u2019aucun traitement de la part de l&rsquo;ADMR. Conform\u00e9ment \u00e0 la loi Informatique et Libert\u00e9s du 6 Janvier 1978, vous disposez d\u2019un droit d\u2019acc\u00e8s, de rectification, de modification et de suppression des donn\u00e9es personnelles que vous nous avez communiqu\u00e9es. Vous pouvez exercer ce droit en envoyant un courriel \u00e0 l\u2019ADMR Vend\u00e9e.&nbsp;<\/p>\n<\/div>\n<\/div>\n<\/div>\n<\/div>\n<\/div>\n<\/div>\n<div data-id=\"2b46080\" data-element_type=\"column\">\n<div>\n<div>&nbsp;<\/div>\n<\/div>\n<\/div>\n<\/div>\n<\/div>\n<\/section>\n<section data-id=\"53cec6b\" data-element_type=\"section\">\n<div>\n<div>\n<div data-id=\"bce8ed0\" data-element_type=\"column\">\n<div>\n<div>\n<div data-id=\"54c48f7\" data-element_type=\"widget\" data-widget_type=\"heading.default\">\n<div>\n<h4>Liens vers ce site :<\/h4>\n<\/div>\n<\/div>\n<div data-id=\"7a91cd2\" data-element_type=\"widget\" data-widget_type=\"text-editor.default\">\n<div>\n<div>\n<p>Le site autorise tout site Internet ou tout autre support \u00e0 le citer ou \u00e0 mettre en place un lien hypertexte pointant vers son contenu. L\u2019autorisation de mise en place d\u2019un lien est valable pour tout support, \u00e0 l\u2019exception de ceux diffusant des informations \u00e0 caract\u00e8re pol\u00e9mique, pornographique, raciste, x\u00e9nophobe ou pouvant, dans une plus large mesure porter atteinte \u00e0 la sensibilit\u00e9 du plus grand nombre. La reprise int\u00e9grale du contenu d\u2019une page est aussi autoris\u00e9e, sous r\u00e9serve d\u2019\u00e9tablir un lien clair vers sa source. Dans tous les cas, \u00abl&rsquo;ADMR\u00bb se r\u00e9serve le droit de demander la suppression d\u2019un lien si il estime que le r\u00e9f\u00e9rent (site source) ne respecte pas les r\u00e8gles ainsi d\u00e9finies.<\/p>\n<\/div>\n<\/div>\n<\/div>\n<\/div>\n<\/div>\n<\/div>\n<\/div>\n<\/div>\n<\/section>\n<h2 style=\"box-sizing: border-box; margin: 0px 0px 20px; padding: 0px; border: 0px; outline: 0px; font-variant-numeric: inherit; font-variant-east-asian: inherit; font-stretch: inherit; line-height: 1.4; vertical-align: baseline; orphans: 2; text-align: start; text-indent: 0px; widows: 2; background-color: #ffffff; text-decoration-style: initial; text-decoration-color: initial;\">&nbsp;<\/h2>\n<p><\/p>\t\t\t\t\t\t\t\t<\/div>\n\t\t\t\t<\/div>\n\t\t\t\t\t<\/div>\n\t\t<\/div>\n\t\t\t\t\t<\/div>\n\t\t<\/section>\n\t\t\t\t<\/div>\n\t\t","protected":false},"excerpt":{"rendered":"<p>Propri\u00e9t\u00e9 : L\u2019adresse de notre site Web est&nbsp;: https:\/\/boutique.admr85.org ADMR Vend\u00e9e119 bd des Etats Unis, BP 3 &#8211;&nbsp;85001 La Roche-sur-Yon CEDEXT\u00e9l. : 02 51 44 11 55 &nbsp; R\u00e9alisation : MEDIA WAKE UP \u2013 Agence Web \u2013 Imprimerie \u2013 publicit\u00e9 adh\u00e9sive en Vend\u00e9e4 rue Marie Curie \u2013 Parc d\u2019activit\u00e9 Vend\u00e9e Sud Loire 1 \u2013 85600 [&hellip;]<\/p>\n","protected":false},"author":1,"featured_media":0,"parent":0,"menu_order":0,"comment_status":"closed","ping_status":"open","template":"","meta":{"footnotes":""},"class_list":["post-1426","page","type-page","status-publish","hentry","entry","owp-thumbs-layout-horizontal","owp-btn-big","owp-tabs-layout-horizontal","has-no-thumbnails","has-product-nav"],"_links":{"self":[{"href":"https:\/\/www.boutique.admr85.org\/index.php\/wp-json\/wp\/v2\/pages\/1426","targetHints":{"allow":["GET"]}}],"collection":[{"href":"https:\/\/www.boutique.admr85.org\/index.php\/wp-json\/wp\/v2\/pages"}],"about":[{"href":"https:\/\/www.boutique.admr85.org\/index.php\/wp-json\/wp\/v2\/types\/page"}],"author":[{"embeddable":true,"href":"https:\/\/www.boutique.admr85.org\/index.php\/wp-json\/wp\/v2\/users\/1"}],"replies":[{"embeddable":true,"href":"https:\/\/www.boutique.admr85.org\/index.php\/wp-json\/wp\/v2\/comments?post=1426"}],"version-history":[{"count":0,"href":"https:\/\/www.boutique.admr85.org\/index.php\/wp-json\/wp\/v2\/pages\/1426\/revisions"}],"wp:attachment":[{"href":"https:\/\/www.boutique.admr85.org\/index.php\/wp-json\/wp\/v2\/media?parent=1426"}],"curies":[{"name":"wp","href":"https:\/\/api.w.org\/{rel}","templated":true}]}}