{"id":1156,"date":"2020-01-19T12:37:08","date_gmt":"2020-01-19T11:37:08","guid":{"rendered":"https:\/\/www.boutique.admr85.org\/?post_type=product&#038;p=1156"},"modified":"2026-02-19T14:54:54","modified_gmt":"2026-02-19T13:54:54","slug":"demande-de-financement-msa-1ere-demande-ou-renouvellement-ref-85-209","status":"publish","type":"product","link":"https:\/\/www.boutique.admr85.org\/index.php\/produit\/demande-de-financement-msa-1ere-demande-ou-renouvellement-ref-85-209\/","title":{"rendered":"Dossier unique-Demande d&rsquo;aide \u00e0 l&rsquo;autonomie \u00e0 domicile pour les personnes \u00e2g\u00e9es &#8211; R\u00e9f. 85-165"},"content":{"rendered":"","protected":false},"excerpt":{"rendered":"","protected":false},"featured_media":5325,"template":"","meta":[],"product_brand":[],"product_cat":[71,78,61],"product_tag":[],"class_list":{"0":"post-1156","1":"product","2":"type-product","3":"status-publish","4":"has-post-thumbnail","6":"product_cat-dossier-client","7":"product_cat-formulaires-aide-seniors","8":"product_cat-saad","10":"entry","11":"has-media","13":"first","14":"instock","15":"taxable","16":"shipping-taxable","17":"purchasable","18":"product-type-simple","19":"has-product-nav","20":"col","21":"span_1_of_4","22":"owp-content-center","23":"owp-thumbs-layout-horizontal","24":"owp-btn-big","25":"owp-tabs-layout-horizontal","26":"has-no-thumbnails"},"_links":{"self":[{"href":"https:\/\/www.boutique.admr85.org\/index.php\/wp-json\/wp\/v2\/product\/1156","targetHints":{"allow":["GET"]}}],"collection":[{"href":"https:\/\/www.boutique.admr85.org\/index.php\/wp-json\/wp\/v2\/product"}],"about":[{"href":"https:\/\/www.boutique.admr85.org\/index.php\/wp-json\/wp\/v2\/types\/product"}],"wp:featuredmedia":[{"embeddable":true,"href":"https:\/\/www.boutique.admr85.org\/index.php\/wp-json\/wp\/v2\/media\/5325"}],"wp:attachment":[{"href":"https:\/\/www.boutique.admr85.org\/index.php\/wp-json\/wp\/v2\/media?parent=1156"}],"wp:term":[{"taxonomy":"product_brand","embeddable":true,"href":"https:\/\/www.boutique.admr85.org\/index.php\/wp-json\/wp\/v2\/product_brand?post=1156"},{"taxonomy":"product_cat","embeddable":true,"href":"https:\/\/www.boutique.admr85.org\/index.php\/wp-json\/wp\/v2\/product_cat?post=1156"},{"taxonomy":"product_tag","embeddable":true,"href":"https:\/\/www.boutique.admr85.org\/index.php\/wp-json\/wp\/v2\/product_tag?post=1156"}],"curies":[{"name":"wp","href":"https:\/\/api.w.org\/{rel}","templated":true}]}}