{"id":1171,"date":"2020-01-19T12:49:27","date_gmt":"2020-01-19T11:49:27","guid":{"rendered":"https:\/\/www.boutique.admr85.org\/?post_type=product&#038;p=1171"},"modified":"2026-02-19T14:42:54","modified_gmt":"2026-02-19T13:42:54","slug":"bordereau-de-preparation-de-la-paie-aide-a-domicile-ref-85-311","status":"publish","type":"product","link":"https:\/\/www.boutique.admr85.org\/index.php\/produit\/bordereau-de-preparation-de-la-paie-aide-a-domicile-ref-85-311\/","title":{"rendered":"Bordereau de pr\u00e9paration de la paie aide \u00e0 domicile &#8211; R\u00e9f. 85-159"},"content":{"rendered":"","protected":false},"excerpt":{"rendered":"","protected":false},"featured_media":932,"template":"","meta":[],"product_brand":[],"product_cat":[70,61],"product_tag":[],"class_list":{"0":"post-1171","1":"product","2":"type-product","3":"status-publish","4":"has-post-thumbnail","6":"product_cat-ressources-humaines","7":"product_cat-saad","9":"entry","10":"has-media","12":"first","13":"instock","14":"taxable","15":"shipping-taxable","16":"purchasable","17":"product-type-simple","18":"has-product-nav","19":"col","20":"span_1_of_4","21":"owp-content-center","22":"owp-thumbs-layout-horizontal","23":"owp-btn-big","24":"owp-tabs-layout-horizontal","25":"has-no-thumbnails"},"_links":{"self":[{"href":"https:\/\/www.boutique.admr85.org\/index.php\/wp-json\/wp\/v2\/product\/1171","targetHints":{"allow":["GET"]}}],"collection":[{"href":"https:\/\/www.boutique.admr85.org\/index.php\/wp-json\/wp\/v2\/product"}],"about":[{"href":"https:\/\/www.boutique.admr85.org\/index.php\/wp-json\/wp\/v2\/types\/product"}],"wp:featuredmedia":[{"embeddable":true,"href":"https:\/\/www.boutique.admr85.org\/index.php\/wp-json\/wp\/v2\/media\/932"}],"wp:attachment":[{"href":"https:\/\/www.boutique.admr85.org\/index.php\/wp-json\/wp\/v2\/media?parent=1171"}],"wp:term":[{"taxonomy":"product_brand","embeddable":true,"href":"https:\/\/www.boutique.admr85.org\/index.php\/wp-json\/wp\/v2\/product_brand?post=1171"},{"taxonomy":"product_cat","embeddable":true,"href":"https:\/\/www.boutique.admr85.org\/index.php\/wp-json\/wp\/v2\/product_cat?post=1171"},{"taxonomy":"product_tag","embeddable":true,"href":"https:\/\/www.boutique.admr85.org\/index.php\/wp-json\/wp\/v2\/product_tag?post=1171"}],"curies":[{"name":"wp","href":"https:\/\/api.w.org\/{rel}","templated":true}]}}