{"id":2709,"date":"2021-02-01T14:54:56","date_gmt":"2021-02-01T13:54:56","guid":{"rendered":"https:\/\/www.boutique.admr85.org\/?post_type=product&#038;p=2709"},"modified":"2026-02-19T13:55:38","modified_gmt":"2026-02-19T12:55:38","slug":"stickers-benevoles-pour-vehicules-je-suis-essentielle-je-suis-benevole-a-ladmr-par-lot-de-5-ref-85-937","status":"publish","type":"product","link":"https:\/\/www.boutique.admr85.org\/index.php\/produit\/stickers-benevoles-pour-vehicules-je-suis-essentielle-je-suis-benevole-a-ladmr-par-lot-de-5-ref-85-937\/","title":{"rendered":"Stickers b\u00e9n\u00e9voles pour v\u00e9hicules \u00ab\u00a0Je suis essentielle, je suis b\u00e9n\u00e9vole \u00e0 l&rsquo;ADMR\u00a0\u00bb- par lot de 5 &#8211; R\u00e9f.85-148"},"content":{"rendered":"","protected":false},"excerpt":{"rendered":"<p>Il s\u2019agit d\u2019autocollants au format 15 cm<\/p>\n","protected":false},"featured_media":2710,"template":"","meta":[],"product_brand":[],"product_cat":[66,80,90],"product_tag":[],"class_list":{"0":"post-2709","1":"product","2":"type-product","3":"status-publish","4":"has-post-thumbnail","6":"product_cat-autocollants-signaletique","7":"product_cat-autocollants-signaletique-services-de-sante","8":"product_cat-autocollants-signaletique-unites-de-vie","10":"entry","11":"has-media","13":"first","14":"instock","15":"taxable","16":"shipping-taxable","17":"purchasable","18":"product-type-simple","19":"has-product-nav","20":"col","21":"span_1_of_4","22":"owp-content-center","23":"owp-thumbs-layout-horizontal","24":"owp-btn-big","25":"owp-tabs-layout-horizontal","26":"has-no-thumbnails"},"_links":{"self":[{"href":"https:\/\/www.boutique.admr85.org\/index.php\/wp-json\/wp\/v2\/product\/2709","targetHints":{"allow":["GET"]}}],"collection":[{"href":"https:\/\/www.boutique.admr85.org\/index.php\/wp-json\/wp\/v2\/product"}],"about":[{"href":"https:\/\/www.boutique.admr85.org\/index.php\/wp-json\/wp\/v2\/types\/product"}],"wp:featuredmedia":[{"embeddable":true,"href":"https:\/\/www.boutique.admr85.org\/index.php\/wp-json\/wp\/v2\/media\/2710"}],"wp:attachment":[{"href":"https:\/\/www.boutique.admr85.org\/index.php\/wp-json\/wp\/v2\/media?parent=2709"}],"wp:term":[{"taxonomy":"product_brand","embeddable":true,"href":"https:\/\/www.boutique.admr85.org\/index.php\/wp-json\/wp\/v2\/product_brand?post=2709"},{"taxonomy":"product_cat","embeddable":true,"href":"https:\/\/www.boutique.admr85.org\/index.php\/wp-json\/wp\/v2\/product_cat?post=2709"},{"taxonomy":"product_tag","embeddable":true,"href":"https:\/\/www.boutique.admr85.org\/index.php\/wp-json\/wp\/v2\/product_tag?post=2709"}],"curies":[{"name":"wp","href":"https:\/\/api.w.org\/{rel}","templated":true}]}}