{"id":2711,"date":"2021-02-01T14:59:23","date_gmt":"2021-02-01T13:59:23","guid":{"rendered":"https:\/\/www.boutique.admr85.org\/?post_type=product&#038;p=2711"},"modified":"2026-02-19T13:54:58","modified_gmt":"2026-02-19T12:54:58","slug":"stickers-benevoles-pour-vehicules-je-suis-essentiel-je-suis-benevole-a-ladmr-par-lot-de-5-ref-85-938","status":"publish","type":"product","link":"https:\/\/www.boutique.admr85.org\/index.php\/produit\/stickers-benevoles-pour-vehicules-je-suis-essentiel-je-suis-benevole-a-ladmr-par-lot-de-5-ref-85-938\/","title":{"rendered":"Stickers b\u00e9n\u00e9voles pour v\u00e9hicules \u00ab\u00a0Je suis essentiel, je suis b\u00e9n\u00e9vole \u00e0 l&rsquo;ADMR\u00a0\u00bb- par lot de 5 &#8211; R\u00e9f.85-147"},"content":{"rendered":"","protected":false},"excerpt":{"rendered":"<p>Il s\u2019agit d\u2019autocollants au format 15 cm<\/p>\n","protected":false},"featured_media":2712,"template":"","meta":[],"product_brand":[],"product_cat":[66,80,90],"product_tag":[],"class_list":{"0":"post-2711","1":"product","2":"type-product","3":"status-publish","4":"has-post-thumbnail","6":"product_cat-autocollants-signaletique","7":"product_cat-autocollants-signaletique-services-de-sante","8":"product_cat-autocollants-signaletique-unites-de-vie","10":"entry","11":"has-media","13":"first","14":"instock","15":"taxable","16":"shipping-taxable","17":"purchasable","18":"product-type-simple","19":"has-product-nav","20":"col","21":"span_1_of_4","22":"owp-content-center","23":"owp-thumbs-layout-horizontal","24":"owp-btn-big","25":"owp-tabs-layout-horizontal","26":"has-no-thumbnails"},"_links":{"self":[{"href":"https:\/\/www.boutique.admr85.org\/index.php\/wp-json\/wp\/v2\/product\/2711","targetHints":{"allow":["GET"]}}],"collection":[{"href":"https:\/\/www.boutique.admr85.org\/index.php\/wp-json\/wp\/v2\/product"}],"about":[{"href":"https:\/\/www.boutique.admr85.org\/index.php\/wp-json\/wp\/v2\/types\/product"}],"wp:featuredmedia":[{"embeddable":true,"href":"https:\/\/www.boutique.admr85.org\/index.php\/wp-json\/wp\/v2\/media\/2712"}],"wp:attachment":[{"href":"https:\/\/www.boutique.admr85.org\/index.php\/wp-json\/wp\/v2\/media?parent=2711"}],"wp:term":[{"taxonomy":"product_brand","embeddable":true,"href":"https:\/\/www.boutique.admr85.org\/index.php\/wp-json\/wp\/v2\/product_brand?post=2711"},{"taxonomy":"product_cat","embeddable":true,"href":"https:\/\/www.boutique.admr85.org\/index.php\/wp-json\/wp\/v2\/product_cat?post=2711"},{"taxonomy":"product_tag","embeddable":true,"href":"https:\/\/www.boutique.admr85.org\/index.php\/wp-json\/wp\/v2\/product_tag?post=2711"}],"curies":[{"name":"wp","href":"https:\/\/api.w.org\/{rel}","templated":true}]}}