{"id":3032,"date":"2021-07-12T14:30:30","date_gmt":"2021-07-12T12:30:30","guid":{"rendered":"https:\/\/www.boutique.admr85.org\/?post_type=product&#038;p=3032"},"modified":"2026-02-27T15:38:32","modified_gmt":"2026-02-27T14:38:32","slug":"contrat-prestataire-par-liasses-de-50-exemplaires-ref-85-946","status":"publish","type":"product","link":"https:\/\/www.boutique.admr85.org\/index.php\/produit\/contrat-prestataire-par-liasses-de-50-exemplaires-ref-85-946\/","title":{"rendered":"Contrat prestataire SAAD &#8211; R\u00e9f. 85-181"},"content":{"rendered":"","protected":false},"excerpt":{"rendered":"<p><a href=\"https:\/\/www.admr85.org\/wp-content\/uploads\/05.0.A-Contrat-prestations-2023-SAAD-FORMULAIRE.pdf\"><span style=\"color: #0000ff\"><strong>Exemplaire d\u00e9mat\u00e9rialis\u00e9 \u00e0 t\u00e9l\u00e9charger ici<\/strong><\/span><\/a><\/p>\n","protected":false},"featured_media":5953,"template":"","meta":[],"product_brand":[],"product_cat":[71,61],"product_tag":[],"class_list":{"0":"post-3032","1":"product","2":"type-product","3":"status-publish","4":"has-post-thumbnail","6":"product_cat-dossier-client","7":"product_cat-saad","9":"entry","10":"has-media","12":"first","13":"instock","14":"taxable","15":"shipping-taxable","16":"product-type-simple","17":"has-product-nav","18":"col","19":"span_1_of_4","20":"owp-content-center","21":"owp-thumbs-layout-horizontal","22":"owp-btn-big","23":"owp-tabs-layout-horizontal","24":"has-no-thumbnails"},"_links":{"self":[{"href":"https:\/\/www.boutique.admr85.org\/index.php\/wp-json\/wp\/v2\/product\/3032","targetHints":{"allow":["GET"]}}],"collection":[{"href":"https:\/\/www.boutique.admr85.org\/index.php\/wp-json\/wp\/v2\/product"}],"about":[{"href":"https:\/\/www.boutique.admr85.org\/index.php\/wp-json\/wp\/v2\/types\/product"}],"wp:featuredmedia":[{"embeddable":true,"href":"https:\/\/www.boutique.admr85.org\/index.php\/wp-json\/wp\/v2\/media\/5953"}],"wp:attachment":[{"href":"https:\/\/www.boutique.admr85.org\/index.php\/wp-json\/wp\/v2\/media?parent=3032"}],"wp:term":[{"taxonomy":"product_brand","embeddable":true,"href":"https:\/\/www.boutique.admr85.org\/index.php\/wp-json\/wp\/v2\/product_brand?post=3032"},{"taxonomy":"product_cat","embeddable":true,"href":"https:\/\/www.boutique.admr85.org\/index.php\/wp-json\/wp\/v2\/product_cat?post=3032"},{"taxonomy":"product_tag","embeddable":true,"href":"https:\/\/www.boutique.admr85.org\/index.php\/wp-json\/wp\/v2\/product_tag?post=3032"}],"curies":[{"name":"wp","href":"https:\/\/api.w.org\/{rel}","templated":true}]}}