{"id":3622,"date":"2022-08-02T16:45:24","date_gmt":"2022-08-02T14:45:24","guid":{"rendered":"https:\/\/www.boutique.admr85.org\/?post_type=product&#038;p=3622"},"modified":"2026-03-31T15:54:35","modified_gmt":"2026-03-31T13:54:35","slug":"kit-forum-promotion-du-benevolat-ref-85-964-gratuit-dans-la-limite-d1-kit-par-association","status":"publish","type":"product","link":"https:\/\/www.boutique.admr85.org\/index.php\/produit\/kit-forum-promotion-du-benevolat-ref-85-964-gratuit-dans-la-limite-d1-kit-par-association\/","title":{"rendered":"Kit forum d&rsquo;association 85-964"},"content":{"rendered":"","protected":false},"excerpt":{"rendered":"<ul>\n<li>1 affiche b\u00e9n\u00e9volat A2<\/li>\n<li>1 affiche b\u00e9n\u00e9volat A3<\/li>\n<li>1 kit affiches service A4<\/li>\n<li>30 flyers b\u00e9n\u00e9volat personnalis\u00e9s par secteur<\/li>\n<li>10 Fiches contacts<\/li>\n<li>20 flyers g\u00e9n\u00e9riques ADMR<\/li>\n<li>20 ballons ADMR + support<\/li>\n<li>30 bonbons ADMR<\/li>\n<li>10 stylos ADMR<\/li>\n<li>1 carte du territoire<\/li>\n<\/ul>\n<p><span style=\"font-size: 14pt\"><strong>Merci d indiquer la date de votre FORUM<\/strong><\/span><\/p>\n<p><span style=\"color: #ff0000\"><strong>D\u00e9lai de commande : <\/strong><\/span><\/p>\n<p><span style=\"color: #ff0000\"><strong>15 jours pour les commandes avec flyers b\u00e9n\u00e9voles personnalis\u00e9s<\/strong><\/span><\/p>\n<p><span style=\"color: #ff0000\"><strong>8 jours sans les flyers b\u00e9n\u00e9voles personnalis\u00e9s<\/strong><\/span><\/p>\n<p><em>En compl\u00e9ment r\u00e9servez gratuitement aupr\u00e8s du service vie associative : <\/em><em>roll-up G\u00e9n\u00e9rique et B\u00e9n\u00e9volat ; Oriflamme ADMR ; banderole \u00ab\u00a0Devenez b\u00e9n\u00e9vole\u00a0\u00bb ; animation de stand (roue ou jeu de cartes) &#8211;<span style=\"color: #ff0000\"> <strong>Attention, \u00e9l\u00e9ments en nombre limit\u00e9, anticipez votre demande<\/strong><\/span><\/em><\/p>\n","protected":false},"featured_media":5787,"template":"","meta":[],"product_brand":[],"product_cat":[69,83,61,62],"product_tag":[],"class_list":{"0":"post-3622","1":"product","2":"type-product","3":"status-publish","4":"has-post-thumbnail","6":"product_cat-benevolat","7":"product_cat-benevolat-services-de-sante","8":"product_cat-saad","9":"product_cat-services-de-sante","11":"entry","12":"has-media","14":"first","15":"instock","16":"taxable","17":"shipping-taxable","18":"purchasable","19":"product-type-simple","20":"has-product-nav","21":"col","22":"span_1_of_4","23":"owp-content-center","24":"owp-thumbs-layout-horizontal","25":"owp-btn-big","26":"owp-tabs-layout-horizontal"},"_links":{"self":[{"href":"https:\/\/www.boutique.admr85.org\/index.php\/wp-json\/wp\/v2\/product\/3622","targetHints":{"allow":["GET"]}}],"collection":[{"href":"https:\/\/www.boutique.admr85.org\/index.php\/wp-json\/wp\/v2\/product"}],"about":[{"href":"https:\/\/www.boutique.admr85.org\/index.php\/wp-json\/wp\/v2\/types\/product"}],"wp:featuredmedia":[{"embeddable":true,"href":"https:\/\/www.boutique.admr85.org\/index.php\/wp-json\/wp\/v2\/media\/5787"}],"wp:attachment":[{"href":"https:\/\/www.boutique.admr85.org\/index.php\/wp-json\/wp\/v2\/media?parent=3622"}],"wp:term":[{"taxonomy":"product_brand","embeddable":true,"href":"https:\/\/www.boutique.admr85.org\/index.php\/wp-json\/wp\/v2\/product_brand?post=3622"},{"taxonomy":"product_cat","embeddable":true,"href":"https:\/\/www.boutique.admr85.org\/index.php\/wp-json\/wp\/v2\/product_cat?post=3622"},{"taxonomy":"product_tag","embeddable":true,"href":"https:\/\/www.boutique.admr85.org\/index.php\/wp-json\/wp\/v2\/product_tag?post=3622"}],"curies":[{"name":"wp","href":"https:\/\/api.w.org\/{rel}","templated":true}]}}