{"id":3624,"date":"2022-08-02T16:52:29","date_gmt":"2022-08-02T14:52:29","guid":{"rendered":"https:\/\/www.boutique.admr85.org\/?post_type=product&#038;p=3624"},"modified":"2026-02-27T15:35:50","modified_gmt":"2026-02-27T14:35:50","slug":"affiche-benevolat-solidaire-gouvernance-format-a2-ref-85-965","status":"publish","type":"product","link":"https:\/\/www.boutique.admr85.org\/index.php\/produit\/affiche-benevolat-solidaire-gouvernance-format-a2-ref-85-965\/","title":{"rendered":"Affiche ADMR solidaire &#8211;  format A2 &#8211; r\u00e9f 85-176"},"content":{"rendered":"","protected":false},"excerpt":{"rendered":"<p>Affiche de promotion du b\u00e9n\u00e9volat ADMR<\/p>\n<p>A l&rsquo;unit\u00e9<\/p>\n","protected":false},"featured_media":5787,"template":"","meta":[],"product_brand":[],"product_cat":[69,83,93,61,62,63],"product_tag":[],"class_list":{"0":"post-3624","1":"product","2":"type-product","3":"status-publish","4":"has-post-thumbnail","6":"product_cat-benevolat","7":"product_cat-benevolat-services-de-sante","8":"product_cat-benevolat-unites-de-vie","9":"product_cat-saad","10":"product_cat-services-de-sante","11":"product_cat-unites-de-vie","13":"entry","14":"has-media","16":"first","17":"instock","18":"taxable","19":"shipping-taxable","20":"purchasable","21":"product-type-simple","22":"has-product-nav","23":"col","24":"span_1_of_4","25":"owp-content-center","26":"owp-thumbs-layout-horizontal","27":"owp-btn-big","28":"owp-tabs-layout-horizontal","29":"has-no-thumbnails"},"_links":{"self":[{"href":"https:\/\/www.boutique.admr85.org\/index.php\/wp-json\/wp\/v2\/product\/3624","targetHints":{"allow":["GET"]}}],"collection":[{"href":"https:\/\/www.boutique.admr85.org\/index.php\/wp-json\/wp\/v2\/product"}],"about":[{"href":"https:\/\/www.boutique.admr85.org\/index.php\/wp-json\/wp\/v2\/types\/product"}],"wp:featuredmedia":[{"embeddable":true,"href":"https:\/\/www.boutique.admr85.org\/index.php\/wp-json\/wp\/v2\/media\/5787"}],"wp:attachment":[{"href":"https:\/\/www.boutique.admr85.org\/index.php\/wp-json\/wp\/v2\/media?parent=3624"}],"wp:term":[{"taxonomy":"product_brand","embeddable":true,"href":"https:\/\/www.boutique.admr85.org\/index.php\/wp-json\/wp\/v2\/product_brand?post=3624"},{"taxonomy":"product_cat","embeddable":true,"href":"https:\/\/www.boutique.admr85.org\/index.php\/wp-json\/wp\/v2\/product_cat?post=3624"},{"taxonomy":"product_tag","embeddable":true,"href":"https:\/\/www.boutique.admr85.org\/index.php\/wp-json\/wp\/v2\/product_tag?post=3624"}],"curies":[{"name":"wp","href":"https:\/\/api.w.org\/{rel}","templated":true}]}}