{"id":3772,"date":"2022-11-02T11:04:01","date_gmt":"2022-11-02T10:04:01","guid":{"rendered":"https:\/\/www.boutique.admr85.org\/?post_type=product&#038;p=3772"},"modified":"2026-02-19T12:03:07","modified_gmt":"2026-02-19T11:03:07","slug":"supports-de-communication-evenements-associatifs-ref-85-968","status":"publish","type":"product","link":"https:\/\/www.boutique.admr85.org\/index.php\/produit\/supports-de-communication-evenements-associatifs-ref-85-968\/","title":{"rendered":"Supports de communication \u00e9v\u00e9nements associatifs \u2013 r\u00e9f 85-040"},"content":{"rendered":"<p>Affiches et flyers personnalisables pour vos \u00e9v\u00e8nements associatifs. Pour transmettre vos besoins (format, quantit\u00e9, type d&rsquo;impression&#8230;) merci de compl\u00e9ter le formulaire : <strong><a title=\"https:\/\/bit.ly\/3drbxyd\" href=\"https:\/\/bit.ly\/3DrbXYd\" target=\"_blank\" rel=\"noreferrer noopener\" data-cke-saved-href=\"https:\/\/bit.ly\/3DrbXYd\">https:\/\/bit.ly\/3DrbXYd<\/a><\/strong><\/p>\n<p>&lt;span style=\u00a0\u00bbcolor: #ff0000;<\/p>\n","protected":false},"excerpt":{"rendered":"<p>Affiches et flyers personnalisables pour vos \u00e9v\u00e8nements associatifs. Pour transmettre vos besoins (format, quantit\u00e9, type d&rsquo;impression&#8230;) merci de compl\u00e9ter le formulaire : https:\/\/bit.ly\/3DrbXYd &lt;span style=\u00a0\u00bbcolor: #ff0000;<\/p>\n","protected":false},"featured_media":6095,"template":"","meta":[],"product_brand":[],"product_cat":[69,83,93],"product_tag":[],"class_list":{"0":"post-3772","1":"product","2":"type-product","3":"status-publish","4":"has-post-thumbnail","6":"product_cat-benevolat","7":"product_cat-benevolat-services-de-sante","8":"product_cat-benevolat-unites-de-vie","10":"entry","11":"has-media","13":"first","14":"outofstock","15":"taxable","16":"shipping-taxable","17":"purchasable","18":"product-type-simple","19":"has-product-nav","20":"col","21":"span_1_of_4","22":"owp-content-center","23":"owp-thumbs-layout-horizontal","24":"owp-btn-big","25":"owp-tabs-layout-horizontal"},"_links":{"self":[{"href":"https:\/\/www.boutique.admr85.org\/index.php\/wp-json\/wp\/v2\/product\/3772","targetHints":{"allow":["GET"]}}],"collection":[{"href":"https:\/\/www.boutique.admr85.org\/index.php\/wp-json\/wp\/v2\/product"}],"about":[{"href":"https:\/\/www.boutique.admr85.org\/index.php\/wp-json\/wp\/v2\/types\/product"}],"wp:featuredmedia":[{"embeddable":true,"href":"https:\/\/www.boutique.admr85.org\/index.php\/wp-json\/wp\/v2\/media\/6095"}],"wp:attachment":[{"href":"https:\/\/www.boutique.admr85.org\/index.php\/wp-json\/wp\/v2\/media?parent=3772"}],"wp:term":[{"taxonomy":"product_brand","embeddable":true,"href":"https:\/\/www.boutique.admr85.org\/index.php\/wp-json\/wp\/v2\/product_brand?post=3772"},{"taxonomy":"product_cat","embeddable":true,"href":"https:\/\/www.boutique.admr85.org\/index.php\/wp-json\/wp\/v2\/product_cat?post=3772"},{"taxonomy":"product_tag","embeddable":true,"href":"https:\/\/www.boutique.admr85.org\/index.php\/wp-json\/wp\/v2\/product_tag?post=3772"}],"curies":[{"name":"wp","href":"https:\/\/api.w.org\/{rel}","templated":true}]}}