{"id":3852,"date":"2022-11-30T08:22:00","date_gmt":"2022-11-30T07:22:00","guid":{"rendered":"https:\/\/www.boutique.admr85.org\/?post_type=product&#038;p=3852"},"modified":"2025-10-08T07:54:13","modified_gmt":"2025-10-08T05:54:13","slug":"depliant-bulle-dair-generique-2022-ref-85-002","status":"publish","type":"product","link":"https:\/\/www.boutique.admr85.org\/index.php\/produit\/depliant-bulle-dair-generique-2022-ref-85-002\/","title":{"rendered":"D\u00e9pliant Bulle d&rsquo;Air &#8211; g\u00e9n\u00e9rique (2025) &#8211; Ref. 85-002"},"content":{"rendered":"","protected":false},"excerpt":{"rendered":"","protected":false},"featured_media":6062,"template":"","meta":[],"product_brand":[],"product_cat":[64,79],"product_tag":[],"class_list":{"0":"post-3852","1":"product","2":"type-product","3":"status-publish","4":"has-post-thumbnail","6":"product_cat-affiches-et-depliants","7":"product_cat-affiches-et-depliants-services-de-sante","9":"entry","10":"has-media","12":"first","13":"instock","14":"taxable","15":"shipping-taxable","16":"purchasable","17":"product-type-simple","18":"has-product-nav","19":"col","20":"span_1_of_4","21":"owp-content-center","22":"owp-thumbs-layout-horizontal","23":"owp-btn-big","24":"owp-tabs-layout-horizontal"},"_links":{"self":[{"href":"https:\/\/www.boutique.admr85.org\/index.php\/wp-json\/wp\/v2\/product\/3852","targetHints":{"allow":["GET"]}}],"collection":[{"href":"https:\/\/www.boutique.admr85.org\/index.php\/wp-json\/wp\/v2\/product"}],"about":[{"href":"https:\/\/www.boutique.admr85.org\/index.php\/wp-json\/wp\/v2\/types\/product"}],"wp:featuredmedia":[{"embeddable":true,"href":"https:\/\/www.boutique.admr85.org\/index.php\/wp-json\/wp\/v2\/media\/6062"}],"wp:attachment":[{"href":"https:\/\/www.boutique.admr85.org\/index.php\/wp-json\/wp\/v2\/media?parent=3852"}],"wp:term":[{"taxonomy":"product_brand","embeddable":true,"href":"https:\/\/www.boutique.admr85.org\/index.php\/wp-json\/wp\/v2\/product_brand?post=3852"},{"taxonomy":"product_cat","embeddable":true,"href":"https:\/\/www.boutique.admr85.org\/index.php\/wp-json\/wp\/v2\/product_cat?post=3852"},{"taxonomy":"product_tag","embeddable":true,"href":"https:\/\/www.boutique.admr85.org\/index.php\/wp-json\/wp\/v2\/product_tag?post=3852"}],"curies":[{"name":"wp","href":"https:\/\/api.w.org\/{rel}","templated":true}]}}