{"id":3987,"date":"2023-01-24T15:41:54","date_gmt":"2023-01-24T14:41:54","guid":{"rendered":"https:\/\/www.boutique.admr85.org\/?post_type=product&#038;p=3987"},"modified":"2025-01-03T15:58:19","modified_gmt":"2025-01-03T14:58:19","slug":"devis-mandataire-2023-ref-85-006","status":"publish","type":"product","link":"https:\/\/www.boutique.admr85.org\/index.php\/produit\/devis-mandataire-2023-ref-85-006\/","title":{"rendered":"Devis MANDATAIRE (2023)- R\u00e9f. 85-006"},"content":{"rendered":"","protected":false},"excerpt":{"rendered":"<p>Exemplaire d\u00e9mat\u00e9rialis\u00e9<\/p>\n","protected":false},"featured_media":3988,"template":"","meta":[],"product_brand":[],"product_cat":[74,61],"product_tag":[],"class_list":{"0":"post-3987","1":"product","2":"type-product","3":"status-publish","4":"has-post-thumbnail","6":"product_cat-mandataire","7":"product_cat-saad","9":"entry","10":"has-media","12":"first","13":"instock","14":"taxable","15":"shipping-taxable","16":"product-type-simple","17":"has-product-nav","18":"col","19":"span_1_of_4","20":"owp-content-center","21":"owp-thumbs-layout-horizontal","22":"owp-btn-big","23":"owp-tabs-layout-horizontal","24":"has-no-thumbnails"},"_links":{"self":[{"href":"https:\/\/www.boutique.admr85.org\/index.php\/wp-json\/wp\/v2\/product\/3987","targetHints":{"allow":["GET"]}}],"collection":[{"href":"https:\/\/www.boutique.admr85.org\/index.php\/wp-json\/wp\/v2\/product"}],"about":[{"href":"https:\/\/www.boutique.admr85.org\/index.php\/wp-json\/wp\/v2\/types\/product"}],"wp:featuredmedia":[{"embeddable":true,"href":"https:\/\/www.boutique.admr85.org\/index.php\/wp-json\/wp\/v2\/media\/3988"}],"wp:attachment":[{"href":"https:\/\/www.boutique.admr85.org\/index.php\/wp-json\/wp\/v2\/media?parent=3987"}],"wp:term":[{"taxonomy":"product_brand","embeddable":true,"href":"https:\/\/www.boutique.admr85.org\/index.php\/wp-json\/wp\/v2\/product_brand?post=3987"},{"taxonomy":"product_cat","embeddable":true,"href":"https:\/\/www.boutique.admr85.org\/index.php\/wp-json\/wp\/v2\/product_cat?post=3987"},{"taxonomy":"product_tag","embeddable":true,"href":"https:\/\/www.boutique.admr85.org\/index.php\/wp-json\/wp\/v2\/product_tag?post=3987"}],"curies":[{"name":"wp","href":"https:\/\/api.w.org\/{rel}","templated":true}]}}