{"id":4005,"date":"2023-01-31T11:26:43","date_gmt":"2023-01-31T10:26:43","guid":{"rendered":"https:\/\/www.boutique.admr85.org\/?post_type=product&#038;p=4005"},"modified":"2025-04-10T15:05:13","modified_gmt":"2025-04-10T13:05:13","slug":"depliant-aici-mode-prestataire-ref-85-011-2023","status":"publish","type":"product","link":"https:\/\/www.boutique.admr85.org\/index.php\/produit\/depliant-aici-mode-prestataire-ref-85-011-2023\/","title":{"rendered":"D\u00e9pliant avance imm\u00e9diate de cr\u00e9dit d&rsquo;imp\u00f4ts &#8211; Mode Prestataire- R\u00e9f 85-011 (2025)"},"content":{"rendered":"","protected":false},"excerpt":{"rendered":"<p><a href=\"https:\/\/www.admr85.org\/wp-content\/uploads\/Flyer-A5-AICI.pdf\"><span style=\"color: #0000ff\"><strong>A t\u00e9l\u00e9charger<\/strong><\/span><\/a><\/p>\n","protected":false},"featured_media":5698,"template":"","meta":[],"product_brand":[],"product_cat":[64,79,61,62],"product_tag":[],"class_list":{"0":"post-4005","1":"product","2":"type-product","3":"status-publish","4":"has-post-thumbnail","6":"product_cat-affiches-et-depliants","7":"product_cat-affiches-et-depliants-services-de-sante","8":"product_cat-saad","9":"product_cat-services-de-sante","11":"entry","12":"has-media","14":"first","15":"instock","16":"taxable","17":"shipping-taxable","18":"product-type-simple","19":"has-product-nav","20":"col","21":"span_1_of_4","22":"owp-content-center","23":"owp-thumbs-layout-horizontal","24":"owp-btn-big","25":"owp-tabs-layout-horizontal","26":"has-no-thumbnails"},"_links":{"self":[{"href":"https:\/\/www.boutique.admr85.org\/index.php\/wp-json\/wp\/v2\/product\/4005","targetHints":{"allow":["GET"]}}],"collection":[{"href":"https:\/\/www.boutique.admr85.org\/index.php\/wp-json\/wp\/v2\/product"}],"about":[{"href":"https:\/\/www.boutique.admr85.org\/index.php\/wp-json\/wp\/v2\/types\/product"}],"wp:featuredmedia":[{"embeddable":true,"href":"https:\/\/www.boutique.admr85.org\/index.php\/wp-json\/wp\/v2\/media\/5698"}],"wp:attachment":[{"href":"https:\/\/www.boutique.admr85.org\/index.php\/wp-json\/wp\/v2\/media?parent=4005"}],"wp:term":[{"taxonomy":"product_brand","embeddable":true,"href":"https:\/\/www.boutique.admr85.org\/index.php\/wp-json\/wp\/v2\/product_brand?post=4005"},{"taxonomy":"product_cat","embeddable":true,"href":"https:\/\/www.boutique.admr85.org\/index.php\/wp-json\/wp\/v2\/product_cat?post=4005"},{"taxonomy":"product_tag","embeddable":true,"href":"https:\/\/www.boutique.admr85.org\/index.php\/wp-json\/wp\/v2\/product_tag?post=4005"}],"curies":[{"name":"wp","href":"https:\/\/api.w.org\/{rel}","templated":true}]}}