{"id":4279,"date":"2023-07-10T11:41:11","date_gmt":"2023-07-10T09:41:11","guid":{"rendered":"https:\/\/www.boutique.admr85.org\/?post_type=product&#038;p=4279"},"modified":"2026-04-14T12:26:20","modified_gmt":"2026-04-14T10:26:20","slug":"livret-prevention-des-risques-du-travail-sur-ecran-ref-85-035","status":"publish","type":"product","link":"https:\/\/www.boutique.admr85.org\/index.php\/produit\/livret-prevention-des-risques-du-travail-sur-ecran-ref-85-035\/","title":{"rendered":"Livret pr\u00e9vention des risques du travail sur \u00e9cran &#8211; R\u00e9f. 85-035"},"content":{"rendered":"","protected":false},"excerpt":{"rendered":"","protected":false},"featured_media":6097,"template":"","meta":[],"product_brand":[],"product_cat":[70,84,94,61,62],"product_tag":[],"class_list":{"0":"post-4279","1":"product","2":"type-product","3":"status-publish","4":"has-post-thumbnail","6":"product_cat-ressources-humaines","7":"product_cat-ressources-humaines-services-de-sante","8":"product_cat-ressources-humaines-unites-de-vie","9":"product_cat-saad","10":"product_cat-services-de-sante","12":"entry","13":"has-media","15":"first","16":"instock","17":"taxable","18":"shipping-taxable","19":"purchasable","20":"product-type-simple","21":"has-product-nav","22":"col","23":"span_1_of_4","24":"owp-content-center","25":"owp-thumbs-layout-horizontal","26":"owp-btn-big","27":"owp-tabs-layout-horizontal","28":"has-no-thumbnails"},"_links":{"self":[{"href":"https:\/\/www.boutique.admr85.org\/index.php\/wp-json\/wp\/v2\/product\/4279","targetHints":{"allow":["GET"]}}],"collection":[{"href":"https:\/\/www.boutique.admr85.org\/index.php\/wp-json\/wp\/v2\/product"}],"about":[{"href":"https:\/\/www.boutique.admr85.org\/index.php\/wp-json\/wp\/v2\/types\/product"}],"wp:featuredmedia":[{"embeddable":true,"href":"https:\/\/www.boutique.admr85.org\/index.php\/wp-json\/wp\/v2\/media\/6097"}],"wp:attachment":[{"href":"https:\/\/www.boutique.admr85.org\/index.php\/wp-json\/wp\/v2\/media?parent=4279"}],"wp:term":[{"taxonomy":"product_brand","embeddable":true,"href":"https:\/\/www.boutique.admr85.org\/index.php\/wp-json\/wp\/v2\/product_brand?post=4279"},{"taxonomy":"product_cat","embeddable":true,"href":"https:\/\/www.boutique.admr85.org\/index.php\/wp-json\/wp\/v2\/product_cat?post=4279"},{"taxonomy":"product_tag","embeddable":true,"href":"https:\/\/www.boutique.admr85.org\/index.php\/wp-json\/wp\/v2\/product_tag?post=4279"}],"curies":[{"name":"wp","href":"https:\/\/api.w.org\/{rel}","templated":true}]}}