{"id":4295,"date":"2023-07-18T11:25:00","date_gmt":"2023-07-18T09:25:00","guid":{"rendered":"https:\/\/www.boutique.admr85.org\/?post_type=product&#038;p=4295"},"modified":"2026-04-07T16:34:38","modified_gmt":"2026-04-07T14:34:38","slug":"blouse-modele-homme-ref-85-071","status":"publish","type":"product","link":"https:\/\/www.boutique.admr85.org\/index.php\/produit\/blouse-modele-homme-ref-85-071\/","title":{"rendered":"Blouse mod\u00e8le Homme &#8211; R\u00e9f. 85-071"},"content":{"rendered":"","protected":false},"excerpt":{"rendered":"<p><strong>Coloris tissus<\/strong> : bleu et vert<br \/>\n<strong>Finition<\/strong> : motif ADMR de couleurs sur 1 manche + lis\u00e9r\u00e9s T2 verts au niveau des poches, des manches, de l\u2019encolure et de la boutonni\u00e8re<br \/>\n<strong>Composition<\/strong> : 65% polyester et 35% coton (210 gr\/m2)<br \/>\nLavable \u00e0 60\u00b0 &#8211; peu de repassage<br \/>\n<strong>Taille disponible<\/strong> : 0 \u00e0 6<br \/>\n<strong>\u00c9quivalences tailles<\/strong> :<br \/>\nT0 = 34\/36 &#8211; T1 = 38\/40 &#8211; T2 = 42\/44 &#8211; T3 = 46\/48 &#8211; T4 = 50\/52 &#8211; T5 = 54\/56 &#8211; T6 = 58\/60<br \/>\n<strong>Longueur blouse<\/strong> : 80 cm<br \/>\n<strong>Forme<\/strong> : coupe droite, col officier, manches courtes mont\u00e9es<br \/>\n<strong>Fermeture<\/strong> : 5 pressions inox cach\u00e9es<br \/>\n<strong>Poches<\/strong> : 3 poches plaqu\u00e9es avec parements ton\/ton<\/p>\n<p><span style=\"color: #ff0000\">Prochaine commande Septembre 2026<\/span><\/p>\n<p>Pr\u00e9ciser le lieu de livraison avant de valider la commande.<\/p>\n<p>A partir de 50 (commande globale blouses + tabliers) livraison \u00e0 l Association,<\/p>\n<p>inf\u00e9rieur \u00e0 50 livraison \u00e0 la F\u00e9d\u00e9ration<\/p>\n","protected":false},"featured_media":5021,"template":"","meta":[],"product_brand":[],"product_cat":[75,70,61],"product_tag":[],"class_list":{"0":"post-4295","1":"product","2":"type-product","3":"status-publish","4":"has-post-thumbnail","6":"product_cat-blouses","7":"product_cat-ressources-humaines","8":"product_cat-saad","10":"entry","11":"has-media","13":"first","14":"instock","15":"taxable","16":"shipping-taxable","17":"purchasable","18":"product-type-variable","19":"has-product-nav","20":"col","21":"span_1_of_4","22":"owp-content-center","23":"owp-thumbs-layout-horizontal","24":"owp-btn-big","25":"owp-tabs-layout-horizontal","26":"has-no-thumbnails"},"_links":{"self":[{"href":"https:\/\/www.boutique.admr85.org\/index.php\/wp-json\/wp\/v2\/product\/4295","targetHints":{"allow":["GET"]}}],"collection":[{"href":"https:\/\/www.boutique.admr85.org\/index.php\/wp-json\/wp\/v2\/product"}],"about":[{"href":"https:\/\/www.boutique.admr85.org\/index.php\/wp-json\/wp\/v2\/types\/product"}],"wp:featuredmedia":[{"embeddable":true,"href":"https:\/\/www.boutique.admr85.org\/index.php\/wp-json\/wp\/v2\/media\/5021"}],"wp:attachment":[{"href":"https:\/\/www.boutique.admr85.org\/index.php\/wp-json\/wp\/v2\/media?parent=4295"}],"wp:term":[{"taxonomy":"product_brand","embeddable":true,"href":"https:\/\/www.boutique.admr85.org\/index.php\/wp-json\/wp\/v2\/product_brand?post=4295"},{"taxonomy":"product_cat","embeddable":true,"href":"https:\/\/www.boutique.admr85.org\/index.php\/wp-json\/wp\/v2\/product_cat?post=4295"},{"taxonomy":"product_tag","embeddable":true,"href":"https:\/\/www.boutique.admr85.org\/index.php\/wp-json\/wp\/v2\/product_tag?post=4295"}],"curies":[{"name":"wp","href":"https:\/\/api.w.org\/{rel}","templated":true}]}}