{"id":4438,"date":"2023-10-12T12:06:50","date_gmt":"2023-10-12T10:06:50","guid":{"rendered":"https:\/\/www.boutique.admr85.org\/?post_type=product&#038;p=4438"},"modified":"2025-07-17T14:21:05","modified_gmt":"2025-07-17T12:21:05","slug":"pack-embauche-cdi-saad-ref-85-038","status":"publish","type":"product","link":"https:\/\/www.boutique.admr85.org\/index.php\/produit\/pack-embauche-cdi-saad-ref-85-038\/","title":{"rendered":"Pack accueil salari\u00e9 CDI &#8211; R\u00e9f. 85-038 (2024)"},"content":{"rendered":"","protected":false},"excerpt":{"rendered":"<p>Contient :<\/p>\n<ul>\n<li>Chemise \u00a0\u00bb Dossier d&rsquo;accueil salari\u00e9 ADMR Vend\u00e9e\u00a0\u00bb<\/li>\n<li>Pochette \u00ab\u00a0Dossier du personnel Association ADMR Vend\u00e9e\u00a0\u00bb<\/li>\n<li>le livret d&rsquo;accueil des salari\u00e9s<\/li>\n<li>livret bientraitance<\/li>\n<li>Pack Votre Sant\u00e9<\/li>\n<li>Flyer &#8211; votre int\u00e9gration en CDI &#8211; certificat de comp\u00e9tence Aide \u00e0 domicile<\/li>\n<li>Flyer \u00ab\u00a0Psychologues\u00a0\u00bb (rupture en MAJ) + pro consult<\/li>\n<li>une carte d&rsquo;identit\u00e9 ADMR + attache (Poste \u00e0 domicile AD-AS-IDE)<\/li>\n<li>un sac tote bag + 1 crayon<\/li>\n<\/ul>\n<p>&nbsp;<\/p>\n","protected":false},"featured_media":4907,"template":"","meta":[],"product_brand":[],"product_cat":[72,87,95,70,84,94,61,62,63],"product_tag":[],"class_list":{"0":"post-4438","1":"product","2":"type-product","3":"status-publish","4":"has-post-thumbnail","6":"product_cat-pack-accueil-salarie","7":"product_cat-pack-accueil-salarie-ressources-humaines-services-de-sante","8":"product_cat-pack-accueil-salarie-ressources-humaines-unites-de-vie","9":"product_cat-ressources-humaines","10":"product_cat-ressources-humaines-services-de-sante","11":"product_cat-ressources-humaines-unites-de-vie","12":"product_cat-saad","13":"product_cat-services-de-sante","14":"product_cat-unites-de-vie","16":"entry","17":"has-media","19":"first","20":"instock","21":"taxable","22":"shipping-taxable","23":"purchasable","24":"product-type-simple","25":"has-product-nav","26":"col","27":"span_1_of_4","28":"owp-content-center","29":"owp-thumbs-layout-horizontal","30":"owp-btn-big","31":"owp-tabs-layout-horizontal"},"_links":{"self":[{"href":"https:\/\/www.boutique.admr85.org\/index.php\/wp-json\/wp\/v2\/product\/4438","targetHints":{"allow":["GET"]}}],"collection":[{"href":"https:\/\/www.boutique.admr85.org\/index.php\/wp-json\/wp\/v2\/product"}],"about":[{"href":"https:\/\/www.boutique.admr85.org\/index.php\/wp-json\/wp\/v2\/types\/product"}],"wp:featuredmedia":[{"embeddable":true,"href":"https:\/\/www.boutique.admr85.org\/index.php\/wp-json\/wp\/v2\/media\/4907"}],"wp:attachment":[{"href":"https:\/\/www.boutique.admr85.org\/index.php\/wp-json\/wp\/v2\/media?parent=4438"}],"wp:term":[{"taxonomy":"product_brand","embeddable":true,"href":"https:\/\/www.boutique.admr85.org\/index.php\/wp-json\/wp\/v2\/product_brand?post=4438"},{"taxonomy":"product_cat","embeddable":true,"href":"https:\/\/www.boutique.admr85.org\/index.php\/wp-json\/wp\/v2\/product_cat?post=4438"},{"taxonomy":"product_tag","embeddable":true,"href":"https:\/\/www.boutique.admr85.org\/index.php\/wp-json\/wp\/v2\/product_tag?post=4438"}],"curies":[{"name":"wp","href":"https:\/\/api.w.org\/{rel}","templated":true}]}}