{"id":4513,"date":"2023-12-04T16:16:29","date_gmt":"2023-12-04T15:16:29","guid":{"rendered":"https:\/\/www.boutique.admr85.org\/?post_type=product&#038;p=4513"},"modified":"2026-04-07T13:55:05","modified_gmt":"2026-04-07T11:55:05","slug":"flyer-generique-saad-2023-ref-85-037","status":"publish","type":"product","link":"https:\/\/www.boutique.admr85.org\/index.php\/produit\/flyer-generique-saad-2023-ref-85-037\/","title":{"rendered":"Flyer g\u00e9n\u00e9rique (2024) &#8211; R\u00e9f. 85-037 par lot de 50"},"content":{"rendered":"","protected":false},"excerpt":{"rendered":"<p>A destination des prospects et clients &#8211; A distribuer dans les mairies, cabinets m\u00e9dicaux, \u00e9coles, services sociaux et commerces de proximit\u00e9<br \/>\nD\u00e9pliant<\/p>\n","protected":false},"featured_media":6472,"template":"","meta":[],"product_brand":[],"product_cat":[64,79,89,101,61,62,97,128,63],"product_tag":[],"class_list":{"0":"post-4513","1":"product","2":"type-product","3":"status-publish","4":"has-post-thumbnail","6":"product_cat-affiches-et-depliants","7":"product_cat-affiches-et-depliants-services-de-sante","8":"product_cat-affiches-et-depliants-unites-de-vie","9":"product_cat-affiches-et-depliants-teleassistance-livraison-de-repas","10":"product_cat-saad","11":"product_cat-services-de-sante","12":"product_cat-teleassistance-livraison-de-repas","13":"product_cat-tisf","14":"product_cat-unites-de-vie","16":"entry","17":"has-media","19":"first","20":"instock","21":"taxable","22":"shipping-taxable","23":"purchasable","24":"product-type-simple","25":"has-product-nav","26":"col","27":"span_1_of_4","28":"owp-content-center","29":"owp-thumbs-layout-horizontal","30":"owp-btn-big","31":"owp-tabs-layout-horizontal","32":"has-no-thumbnails"},"_links":{"self":[{"href":"https:\/\/www.boutique.admr85.org\/index.php\/wp-json\/wp\/v2\/product\/4513","targetHints":{"allow":["GET"]}}],"collection":[{"href":"https:\/\/www.boutique.admr85.org\/index.php\/wp-json\/wp\/v2\/product"}],"about":[{"href":"https:\/\/www.boutique.admr85.org\/index.php\/wp-json\/wp\/v2\/types\/product"}],"wp:featuredmedia":[{"embeddable":true,"href":"https:\/\/www.boutique.admr85.org\/index.php\/wp-json\/wp\/v2\/media\/6472"}],"wp:attachment":[{"href":"https:\/\/www.boutique.admr85.org\/index.php\/wp-json\/wp\/v2\/media?parent=4513"}],"wp:term":[{"taxonomy":"product_brand","embeddable":true,"href":"https:\/\/www.boutique.admr85.org\/index.php\/wp-json\/wp\/v2\/product_brand?post=4513"},{"taxonomy":"product_cat","embeddable":true,"href":"https:\/\/www.boutique.admr85.org\/index.php\/wp-json\/wp\/v2\/product_cat?post=4513"},{"taxonomy":"product_tag","embeddable":true,"href":"https:\/\/www.boutique.admr85.org\/index.php\/wp-json\/wp\/v2\/product_tag?post=4513"}],"curies":[{"name":"wp","href":"https:\/\/api.w.org\/{rel}","templated":true}]}}