{"id":4700,"date":"2024-03-19T14:47:45","date_gmt":"2024-03-19T13:47:45","guid":{"rendered":"https:\/\/www.boutique.admr85.org\/?post_type=product&#038;p=4700"},"modified":"2026-03-19T16:06:06","modified_gmt":"2026-03-19T15:06:06","slug":"depliant-evenement-indesirable-dans-les-soins-ssiad-2024-ref-85-058","status":"publish","type":"product","link":"https:\/\/www.boutique.admr85.org\/index.php\/produit\/depliant-evenement-indesirable-dans-les-soins-ssiad-2024-ref-85-058\/","title":{"rendered":"D\u00e9pliant \u00e9v\u00e8nement ind\u00e9sirable dans les soins SSIAD (2024) &#8211; R\u00e9f. 85-058"},"content":{"rendered":"","protected":false},"excerpt":{"rendered":"<p>Le d\u00e9pliant sur les \u00e9v\u00e8nements ind\u00e9sirables en SSIAD est \u00e0 remettre aux soignants. Il aborde l\u2019importance de d\u00e9clarer et la place de chacun dans la gestion des risques. Il peut \u00eatre remis lorsque le sujet est abord\u00e9 en r\u00e9union d\u2019\u00e9quipe par exemple.<\/p>\n<p>&nbsp;<\/p>\n","protected":false},"featured_media":6430,"template":"","meta":[],"product_brand":[],"product_cat":[79,62],"product_tag":[],"class_list":{"0":"post-4700","1":"product","2":"type-product","3":"status-publish","4":"has-post-thumbnail","6":"product_cat-affiches-et-depliants-services-de-sante","7":"product_cat-services-de-sante","9":"entry","10":"has-media","12":"first","13":"instock","14":"taxable","15":"shipping-taxable","16":"purchasable","17":"product-type-simple","18":"has-product-nav","19":"col","20":"span_1_of_4","21":"owp-content-center","22":"owp-thumbs-layout-horizontal","23":"owp-btn-big","24":"owp-tabs-layout-horizontal"},"_links":{"self":[{"href":"https:\/\/www.boutique.admr85.org\/index.php\/wp-json\/wp\/v2\/product\/4700","targetHints":{"allow":["GET"]}}],"collection":[{"href":"https:\/\/www.boutique.admr85.org\/index.php\/wp-json\/wp\/v2\/product"}],"about":[{"href":"https:\/\/www.boutique.admr85.org\/index.php\/wp-json\/wp\/v2\/types\/product"}],"wp:featuredmedia":[{"embeddable":true,"href":"https:\/\/www.boutique.admr85.org\/index.php\/wp-json\/wp\/v2\/media\/6430"}],"wp:attachment":[{"href":"https:\/\/www.boutique.admr85.org\/index.php\/wp-json\/wp\/v2\/media?parent=4700"}],"wp:term":[{"taxonomy":"product_brand","embeddable":true,"href":"https:\/\/www.boutique.admr85.org\/index.php\/wp-json\/wp\/v2\/product_brand?post=4700"},{"taxonomy":"product_cat","embeddable":true,"href":"https:\/\/www.boutique.admr85.org\/index.php\/wp-json\/wp\/v2\/product_cat?post=4700"},{"taxonomy":"product_tag","embeddable":true,"href":"https:\/\/www.boutique.admr85.org\/index.php\/wp-json\/wp\/v2\/product_tag?post=4700"}],"curies":[{"name":"wp","href":"https:\/\/api.w.org\/{rel}","templated":true}]}}