{"id":4712,"date":"2024-03-29T10:51:59","date_gmt":"2024-03-29T09:51:59","guid":{"rendered":"https:\/\/www.boutique.admr85.org\/?post_type=product&#038;p=4712"},"modified":"2026-03-05T15:53:48","modified_gmt":"2026-03-05T14:53:48","slug":"livret-passe-temps-2024-edition-n3-ref-85-065","status":"publish","type":"product","link":"https:\/\/www.boutique.admr85.org\/index.php\/produit\/livret-passe-temps-2024-edition-n3-ref-85-065\/","title":{"rendered":"Livret Passe Temps (2025) \u00c9dition n\u00b06 &#8211; R\u00e9f. 85-065"},"content":{"rendered":"","protected":false},"excerpt":{"rendered":"<p>\u00c9dition num\u00e9ro 6<\/p>\n<p>Edition sp\u00e9ciale France<\/p>\n<p>&nbsp;<\/p>\n","protected":false},"featured_media":6156,"template":"","meta":[],"product_brand":[],"product_cat":[69,83,93,61,62,63],"product_tag":[],"class_list":{"0":"post-4712","1":"product","2":"type-product","3":"status-publish","4":"has-post-thumbnail","6":"product_cat-benevolat","7":"product_cat-benevolat-services-de-sante","8":"product_cat-benevolat-unites-de-vie","9":"product_cat-saad","10":"product_cat-services-de-sante","11":"product_cat-unites-de-vie","13":"entry","14":"has-media","16":"first","17":"instock","18":"taxable","19":"shipping-taxable","20":"purchasable","21":"product-type-simple","22":"has-product-nav","23":"col","24":"span_1_of_4","25":"owp-content-center","26":"owp-thumbs-layout-horizontal","27":"owp-btn-big","28":"owp-tabs-layout-horizontal","29":"has-no-thumbnails"},"_links":{"self":[{"href":"https:\/\/www.boutique.admr85.org\/index.php\/wp-json\/wp\/v2\/product\/4712","targetHints":{"allow":["GET"]}}],"collection":[{"href":"https:\/\/www.boutique.admr85.org\/index.php\/wp-json\/wp\/v2\/product"}],"about":[{"href":"https:\/\/www.boutique.admr85.org\/index.php\/wp-json\/wp\/v2\/types\/product"}],"wp:featuredmedia":[{"embeddable":true,"href":"https:\/\/www.boutique.admr85.org\/index.php\/wp-json\/wp\/v2\/media\/6156"}],"wp:attachment":[{"href":"https:\/\/www.boutique.admr85.org\/index.php\/wp-json\/wp\/v2\/media?parent=4712"}],"wp:term":[{"taxonomy":"product_brand","embeddable":true,"href":"https:\/\/www.boutique.admr85.org\/index.php\/wp-json\/wp\/v2\/product_brand?post=4712"},{"taxonomy":"product_cat","embeddable":true,"href":"https:\/\/www.boutique.admr85.org\/index.php\/wp-json\/wp\/v2\/product_cat?post=4712"},{"taxonomy":"product_tag","embeddable":true,"href":"https:\/\/www.boutique.admr85.org\/index.php\/wp-json\/wp\/v2\/product_tag?post=4712"}],"curies":[{"name":"wp","href":"https:\/\/api.w.org\/{rel}","templated":true}]}}