{"id":4719,"date":"2024-04-02T13:31:34","date_gmt":"2024-04-02T11:31:34","guid":{"rendered":"https:\/\/www.boutique.admr85.org\/?post_type=product&#038;p=4719"},"modified":"2025-01-03T11:49:31","modified_gmt":"2025-01-03T10:49:31","slug":"carte-cadeau-admr-ref-85-033","status":"publish","type":"product","link":"https:\/\/www.boutique.admr85.org\/index.php\/produit\/carte-cadeau-admr-ref-85-033\/","title":{"rendered":"Carte cadeau ADMR &#8211; R\u00e9f. 85-033"},"content":{"rendered":"","protected":false},"excerpt":{"rendered":"<p>Carte cadeau de 2h de prestation ADMR, mise \u00e0 disposition des associations et structures ADMR afin de participer aux tombolas et autres lotos des associations ADMR ou partenaires.<\/p>\n<p>Une seule carte cadeau par association par an mise \u00e0 disposition gratuitement.<\/p>\n<p><span style=\"color: #ff0000;\"><strong>Merci de sp\u00e9cifier sur votre commande le nom, le lieu et la date de l&rsquo;\u00e9v\u00e9nement.<\/strong><\/span><\/p>\n","protected":false},"featured_media":5445,"template":"","meta":[],"product_brand":[],"product_cat":[98],"product_tag":[],"class_list":{"0":"post-4719","1":"product","2":"type-product","3":"status-publish","4":"has-post-thumbnail","6":"product_cat-objets-et-jeux-admr","8":"entry","9":"has-media","11":"first","12":"instock","13":"taxable","14":"shipping-taxable","15":"purchasable","16":"product-type-simple","17":"has-product-nav","18":"col","19":"span_1_of_4","20":"owp-content-center","21":"owp-thumbs-layout-horizontal","22":"owp-btn-big","23":"owp-tabs-layout-horizontal","24":"has-no-thumbnails"},"_links":{"self":[{"href":"https:\/\/www.boutique.admr85.org\/index.php\/wp-json\/wp\/v2\/product\/4719","targetHints":{"allow":["GET"]}}],"collection":[{"href":"https:\/\/www.boutique.admr85.org\/index.php\/wp-json\/wp\/v2\/product"}],"about":[{"href":"https:\/\/www.boutique.admr85.org\/index.php\/wp-json\/wp\/v2\/types\/product"}],"wp:featuredmedia":[{"embeddable":true,"href":"https:\/\/www.boutique.admr85.org\/index.php\/wp-json\/wp\/v2\/media\/5445"}],"wp:attachment":[{"href":"https:\/\/www.boutique.admr85.org\/index.php\/wp-json\/wp\/v2\/media?parent=4719"}],"wp:term":[{"taxonomy":"product_brand","embeddable":true,"href":"https:\/\/www.boutique.admr85.org\/index.php\/wp-json\/wp\/v2\/product_brand?post=4719"},{"taxonomy":"product_cat","embeddable":true,"href":"https:\/\/www.boutique.admr85.org\/index.php\/wp-json\/wp\/v2\/product_cat?post=4719"},{"taxonomy":"product_tag","embeddable":true,"href":"https:\/\/www.boutique.admr85.org\/index.php\/wp-json\/wp\/v2\/product_tag?post=4719"}],"curies":[{"name":"wp","href":"https:\/\/api.w.org\/{rel}","templated":true}]}}