{"id":4759,"date":"2024-04-30T14:24:45","date_gmt":"2024-04-30T12:24:45","guid":{"rendered":"https:\/\/www.boutique.admr85.org\/?post_type=product&#038;p=4759"},"modified":"2026-03-19T16:27:02","modified_gmt":"2026-03-19T15:27:02","slug":"depliant-soutien-a-l-occasion-dun-changement-familial-2024-ref-85-066","status":"publish","type":"product","link":"https:\/\/www.boutique.admr85.org\/index.php\/produit\/depliant-soutien-a-l-occasion-dun-changement-familial-2024-ref-85-066\/","title":{"rendered":"D\u00e9pliant soutien \u00e0 l occasion d&rsquo;un  changement familial (2024)  &#8211; R\u00e9f. 85-066"},"content":{"rendered":"","protected":false},"excerpt":{"rendered":"<p>A 5- 6 pages<\/p>\n","protected":false},"featured_media":6434,"template":"","meta":[],"product_brand":[],"product_cat":[64,61,128],"product_tag":[],"class_list":{"0":"post-4759","1":"product","2":"type-product","3":"status-publish","4":"has-post-thumbnail","6":"product_cat-affiches-et-depliants","7":"product_cat-saad","8":"product_cat-tisf","10":"entry","11":"has-media","13":"first","14":"instock","15":"taxable","16":"shipping-taxable","17":"purchasable","18":"product-type-simple","19":"has-product-nav","20":"col","21":"span_1_of_4","22":"owp-content-center","23":"owp-thumbs-layout-horizontal","24":"owp-btn-big","25":"owp-tabs-layout-horizontal","26":"has-no-thumbnails"},"_links":{"self":[{"href":"https:\/\/www.boutique.admr85.org\/index.php\/wp-json\/wp\/v2\/product\/4759","targetHints":{"allow":["GET"]}}],"collection":[{"href":"https:\/\/www.boutique.admr85.org\/index.php\/wp-json\/wp\/v2\/product"}],"about":[{"href":"https:\/\/www.boutique.admr85.org\/index.php\/wp-json\/wp\/v2\/types\/product"}],"wp:featuredmedia":[{"embeddable":true,"href":"https:\/\/www.boutique.admr85.org\/index.php\/wp-json\/wp\/v2\/media\/6434"}],"wp:attachment":[{"href":"https:\/\/www.boutique.admr85.org\/index.php\/wp-json\/wp\/v2\/media?parent=4759"}],"wp:term":[{"taxonomy":"product_brand","embeddable":true,"href":"https:\/\/www.boutique.admr85.org\/index.php\/wp-json\/wp\/v2\/product_brand?post=4759"},{"taxonomy":"product_cat","embeddable":true,"href":"https:\/\/www.boutique.admr85.org\/index.php\/wp-json\/wp\/v2\/product_cat?post=4759"},{"taxonomy":"product_tag","embeddable":true,"href":"https:\/\/www.boutique.admr85.org\/index.php\/wp-json\/wp\/v2\/product_tag?post=4759"}],"curies":[{"name":"wp","href":"https:\/\/api.w.org\/{rel}","templated":true}]}}