{"id":4769,"date":"2024-05-07T10:33:35","date_gmt":"2024-05-07T08:33:35","guid":{"rendered":"https:\/\/www.boutique.admr85.org\/?post_type=product&#038;p=4769"},"modified":"2026-03-18T15:36:01","modified_gmt":"2026-03-18T14:36:01","slug":"depliant-directives-anticipees-2024-ref-85-068","status":"publish","type":"product","link":"https:\/\/www.boutique.admr85.org\/index.php\/produit\/depliant-directives-anticipees-2024-ref-85-068\/","title":{"rendered":"D\u00e9pliant Directives Anticip\u00e9es (2024)  &#8211; R\u00e9f. 85-068"},"content":{"rendered":"","protected":false},"excerpt":{"rendered":"<p>Format A5<\/p>\n<p>A remplir<\/p>\n","protected":false},"featured_media":6099,"template":"","meta":[],"product_brand":[],"product_cat":[64,79,89,61,62,63],"product_tag":[],"class_list":{"0":"post-4769","1":"product","2":"type-product","3":"status-publish","4":"has-post-thumbnail","6":"product_cat-affiches-et-depliants","7":"product_cat-affiches-et-depliants-services-de-sante","8":"product_cat-affiches-et-depliants-unites-de-vie","9":"product_cat-saad","10":"product_cat-services-de-sante","11":"product_cat-unites-de-vie","13":"entry","14":"has-media","16":"first","17":"instock","18":"taxable","19":"shipping-taxable","20":"purchasable","21":"product-type-simple","22":"has-product-nav","23":"col","24":"span_1_of_4","25":"owp-content-center","26":"owp-thumbs-layout-horizontal","27":"owp-btn-big","28":"owp-tabs-layout-horizontal","29":"has-no-thumbnails"},"_links":{"self":[{"href":"https:\/\/www.boutique.admr85.org\/index.php\/wp-json\/wp\/v2\/product\/4769","targetHints":{"allow":["GET"]}}],"collection":[{"href":"https:\/\/www.boutique.admr85.org\/index.php\/wp-json\/wp\/v2\/product"}],"about":[{"href":"https:\/\/www.boutique.admr85.org\/index.php\/wp-json\/wp\/v2\/types\/product"}],"wp:featuredmedia":[{"embeddable":true,"href":"https:\/\/www.boutique.admr85.org\/index.php\/wp-json\/wp\/v2\/media\/6099"}],"wp:attachment":[{"href":"https:\/\/www.boutique.admr85.org\/index.php\/wp-json\/wp\/v2\/media?parent=4769"}],"wp:term":[{"taxonomy":"product_brand","embeddable":true,"href":"https:\/\/www.boutique.admr85.org\/index.php\/wp-json\/wp\/v2\/product_brand?post=4769"},{"taxonomy":"product_cat","embeddable":true,"href":"https:\/\/www.boutique.admr85.org\/index.php\/wp-json\/wp\/v2\/product_cat?post=4769"},{"taxonomy":"product_tag","embeddable":true,"href":"https:\/\/www.boutique.admr85.org\/index.php\/wp-json\/wp\/v2\/product_tag?post=4769"}],"curies":[{"name":"wp","href":"https:\/\/api.w.org\/{rel}","templated":true}]}}