{"id":5527,"date":"2025-01-30T16:38:09","date_gmt":"2025-01-30T15:38:09","guid":{"rendered":"https:\/\/www.boutique.admr85.org\/?post_type=product&#038;p=5527"},"modified":"2025-07-03T09:17:57","modified_gmt":"2025-07-03T07:17:57","slug":"livret-tarifaire-changes-ref-85-112-2025","status":"publish","type":"product","link":"https:\/\/www.boutique.admr85.org\/index.php\/produit\/livret-tarifaire-changes-ref-85-112-2025\/","title":{"rendered":"Livret tarifaire changes &#8211; r\u00e9f 85-112 (2025)"},"content":{"rendered":"","protected":false},"excerpt":{"rendered":"<p><a href=\"https:\/\/www.admr85.org\/wp-content\/uploads\/241-Livret-tarifaire-Changes-livres-a-domicile.pdf\"><strong>Exemplaire d\u00e9mat\u00e9rialis\u00e9 \u00e0 t\u00e9l\u00e9charger ici<\/strong><\/a><\/p>\n","protected":false},"featured_media":5880,"template":"","meta":[],"product_brand":[],"product_cat":[64,79,89,61,62,63],"product_tag":[],"class_list":{"0":"post-5527","1":"product","2":"type-product","3":"status-publish","4":"has-post-thumbnail","6":"product_cat-affiches-et-depliants","7":"product_cat-affiches-et-depliants-services-de-sante","8":"product_cat-affiches-et-depliants-unites-de-vie","9":"product_cat-saad","10":"product_cat-services-de-sante","11":"product_cat-unites-de-vie","13":"entry","14":"has-media","16":"first","17":"onbackorder","18":"taxable","19":"shipping-taxable","20":"purchasable","21":"product-type-simple","22":"has-product-nav","23":"col","24":"span_1_of_4","25":"owp-content-center","26":"owp-thumbs-layout-horizontal","27":"owp-btn-big","28":"owp-tabs-layout-horizontal"},"_links":{"self":[{"href":"https:\/\/www.boutique.admr85.org\/index.php\/wp-json\/wp\/v2\/product\/5527","targetHints":{"allow":["GET"]}}],"collection":[{"href":"https:\/\/www.boutique.admr85.org\/index.php\/wp-json\/wp\/v2\/product"}],"about":[{"href":"https:\/\/www.boutique.admr85.org\/index.php\/wp-json\/wp\/v2\/types\/product"}],"wp:featuredmedia":[{"embeddable":true,"href":"https:\/\/www.boutique.admr85.org\/index.php\/wp-json\/wp\/v2\/media\/5880"}],"wp:attachment":[{"href":"https:\/\/www.boutique.admr85.org\/index.php\/wp-json\/wp\/v2\/media?parent=5527"}],"wp:term":[{"taxonomy":"product_brand","embeddable":true,"href":"https:\/\/www.boutique.admr85.org\/index.php\/wp-json\/wp\/v2\/product_brand?post=5527"},{"taxonomy":"product_cat","embeddable":true,"href":"https:\/\/www.boutique.admr85.org\/index.php\/wp-json\/wp\/v2\/product_cat?post=5527"},{"taxonomy":"product_tag","embeddable":true,"href":"https:\/\/www.boutique.admr85.org\/index.php\/wp-json\/wp\/v2\/product_tag?post=5527"}],"curies":[{"name":"wp","href":"https:\/\/api.w.org\/{rel}","templated":true}]}}