{"id":5531,"date":"2025-01-31T14:13:07","date_gmt":"2025-01-31T13:13:07","guid":{"rendered":"https:\/\/www.boutique.admr85.org\/?post_type=product&#038;p=5531"},"modified":"2026-02-17T12:17:18","modified_gmt":"2026-02-17T11:17:18","slug":"trousse-de-premiers-secours-ref-85-025-2025","status":"publish","type":"product","link":"https:\/\/www.boutique.admr85.org\/index.php\/produit\/trousse-de-premiers-secours-ref-85-025-2025\/","title":{"rendered":"Trousse de premiers secours &#8211; R\u00e9f. 85-025 (2025)"},"content":{"rendered":"","protected":false},"excerpt":{"rendered":"<p>Trousse de premiers secours compos\u00e9e d&rsquo;une bande triangulaire, compresse, 5 pansements, ruban adh\u00e9sif, 4 lingettes nettoyante pour la peau, 1 bande \u00e9lastique, 1 paire de ciseaux, 2 \u00e9pingles de s\u00fbret\u00e9 le tout dans une pochette nylon avec marquage ADMR noir.<\/p>\n","protected":false},"featured_media":5532,"template":"","meta":[],"product_brand":[],"product_cat":[98],"product_tag":[],"class_list":{"0":"post-5531","1":"product","2":"type-product","3":"status-publish","4":"has-post-thumbnail","6":"product_cat-objets-et-jeux-admr","8":"entry","9":"has-media","11":"first","12":"instock","13":"taxable","14":"shipping-taxable","15":"purchasable","16":"product-type-simple","17":"has-product-nav","18":"col","19":"span_1_of_4","20":"owp-content-center","21":"owp-thumbs-layout-horizontal","22":"owp-btn-big","23":"owp-tabs-layout-horizontal","24":"has-no-thumbnails"},"_links":{"self":[{"href":"https:\/\/www.boutique.admr85.org\/index.php\/wp-json\/wp\/v2\/product\/5531","targetHints":{"allow":["GET"]}}],"collection":[{"href":"https:\/\/www.boutique.admr85.org\/index.php\/wp-json\/wp\/v2\/product"}],"about":[{"href":"https:\/\/www.boutique.admr85.org\/index.php\/wp-json\/wp\/v2\/types\/product"}],"wp:featuredmedia":[{"embeddable":true,"href":"https:\/\/www.boutique.admr85.org\/index.php\/wp-json\/wp\/v2\/media\/5532"}],"wp:attachment":[{"href":"https:\/\/www.boutique.admr85.org\/index.php\/wp-json\/wp\/v2\/media?parent=5531"}],"wp:term":[{"taxonomy":"product_brand","embeddable":true,"href":"https:\/\/www.boutique.admr85.org\/index.php\/wp-json\/wp\/v2\/product_brand?post=5531"},{"taxonomy":"product_cat","embeddable":true,"href":"https:\/\/www.boutique.admr85.org\/index.php\/wp-json\/wp\/v2\/product_cat?post=5531"},{"taxonomy":"product_tag","embeddable":true,"href":"https:\/\/www.boutique.admr85.org\/index.php\/wp-json\/wp\/v2\/product_tag?post=5531"}],"curies":[{"name":"wp","href":"https:\/\/api.w.org\/{rel}","templated":true}]}}