{"id":5537,"date":"2025-02-04T10:57:44","date_gmt":"2025-02-04T09:57:44","guid":{"rendered":"https:\/\/www.boutique.admr85.org\/?post_type=product&#038;p=5537"},"modified":"2025-04-08T15:33:25","modified_gmt":"2025-04-08T13:33:25","slug":"livret-referentiel-produits-changes","status":"publish","type":"product","link":"https:\/\/www.boutique.admr85.org\/index.php\/produit\/livret-referentiel-produits-changes\/","title":{"rendered":"Livret r\u00e9f\u00e9rentiel produits changes &#8211; r\u00e9f 85-049 (2025) par lot de 100"},"content":{"rendered":"","protected":false},"excerpt":{"rendered":"","protected":false},"featured_media":5538,"template":"","meta":[],"product_brand":[],"product_cat":[64,61],"product_tag":[],"class_list":{"0":"post-5537","1":"product","2":"type-product","3":"status-publish","4":"has-post-thumbnail","6":"product_cat-affiches-et-depliants","7":"product_cat-saad","9":"entry","10":"has-media","12":"first","13":"instock","14":"taxable","15":"shipping-taxable","16":"purchasable","17":"product-type-simple","18":"has-product-nav","19":"col","20":"span_1_of_4","21":"owp-content-center","22":"owp-thumbs-layout-horizontal","23":"owp-btn-big","24":"owp-tabs-layout-horizontal"},"_links":{"self":[{"href":"https:\/\/www.boutique.admr85.org\/index.php\/wp-json\/wp\/v2\/product\/5537","targetHints":{"allow":["GET"]}}],"collection":[{"href":"https:\/\/www.boutique.admr85.org\/index.php\/wp-json\/wp\/v2\/product"}],"about":[{"href":"https:\/\/www.boutique.admr85.org\/index.php\/wp-json\/wp\/v2\/types\/product"}],"wp:featuredmedia":[{"embeddable":true,"href":"https:\/\/www.boutique.admr85.org\/index.php\/wp-json\/wp\/v2\/media\/5538"}],"wp:attachment":[{"href":"https:\/\/www.boutique.admr85.org\/index.php\/wp-json\/wp\/v2\/media?parent=5537"}],"wp:term":[{"taxonomy":"product_brand","embeddable":true,"href":"https:\/\/www.boutique.admr85.org\/index.php\/wp-json\/wp\/v2\/product_brand?post=5537"},{"taxonomy":"product_cat","embeddable":true,"href":"https:\/\/www.boutique.admr85.org\/index.php\/wp-json\/wp\/v2\/product_cat?post=5537"},{"taxonomy":"product_tag","embeddable":true,"href":"https:\/\/www.boutique.admr85.org\/index.php\/wp-json\/wp\/v2\/product_tag?post=5537"}],"curies":[{"name":"wp","href":"https:\/\/api.w.org\/{rel}","templated":true}]}}