{"id":5559,"date":"2025-02-10T16:23:10","date_gmt":"2025-02-10T15:23:10","guid":{"rendered":"https:\/\/www.boutique.admr85.org\/?post_type=product&#038;p=5559"},"modified":"2026-02-24T14:04:22","modified_gmt":"2026-02-24T13:04:22","slug":"affiche-a3-livraison-de-changes-a-domicile-ref-85-056-2025","status":"publish","type":"product","link":"https:\/\/www.boutique.admr85.org\/index.php\/produit\/affiche-a3-livraison-de-changes-a-domicile-ref-85-056-2025\/","title":{"rendered":"Affiche A3 Livraison de changes \u00e0 domicile &#8211; r\u00e9f : 85-056 (2025)"},"content":{"rendered":"","protected":false},"excerpt":{"rendered":"<p>Affiche livraison de changes \u00e0 domicile &#8211; format A3 29,7 x 42 cm.<\/p>\n","protected":false},"featured_media":5833,"template":"","meta":[],"product_brand":[],"product_cat":[64,79,89,61,62,63],"product_tag":[],"class_list":{"0":"post-5559","1":"product","2":"type-product","3":"status-publish","4":"has-post-thumbnail","6":"product_cat-affiches-et-depliants","7":"product_cat-affiches-et-depliants-services-de-sante","8":"product_cat-affiches-et-depliants-unites-de-vie","9":"product_cat-saad","10":"product_cat-services-de-sante","11":"product_cat-unites-de-vie","13":"entry","14":"has-media","16":"first","17":"instock","18":"taxable","19":"shipping-taxable","20":"purchasable","21":"product-type-simple","22":"has-product-nav","23":"col","24":"span_1_of_4","25":"owp-content-center","26":"owp-thumbs-layout-horizontal","27":"owp-btn-big","28":"owp-tabs-layout-horizontal","29":"has-no-thumbnails"},"_links":{"self":[{"href":"https:\/\/www.boutique.admr85.org\/index.php\/wp-json\/wp\/v2\/product\/5559","targetHints":{"allow":["GET"]}}],"collection":[{"href":"https:\/\/www.boutique.admr85.org\/index.php\/wp-json\/wp\/v2\/product"}],"about":[{"href":"https:\/\/www.boutique.admr85.org\/index.php\/wp-json\/wp\/v2\/types\/product"}],"wp:featuredmedia":[{"embeddable":true,"href":"https:\/\/www.boutique.admr85.org\/index.php\/wp-json\/wp\/v2\/media\/5833"}],"wp:attachment":[{"href":"https:\/\/www.boutique.admr85.org\/index.php\/wp-json\/wp\/v2\/media?parent=5559"}],"wp:term":[{"taxonomy":"product_brand","embeddable":true,"href":"https:\/\/www.boutique.admr85.org\/index.php\/wp-json\/wp\/v2\/product_brand?post=5559"},{"taxonomy":"product_cat","embeddable":true,"href":"https:\/\/www.boutique.admr85.org\/index.php\/wp-json\/wp\/v2\/product_cat?post=5559"},{"taxonomy":"product_tag","embeddable":true,"href":"https:\/\/www.boutique.admr85.org\/index.php\/wp-json\/wp\/v2\/product_tag?post=5559"}],"curies":[{"name":"wp","href":"https:\/\/api.w.org\/{rel}","templated":true}]}}