{"id":5640,"date":"2025-03-18T11:18:21","date_gmt":"2025-03-18T10:18:21","guid":{"rendered":"https:\/\/www.boutique.admr85.org\/?post_type=product&#038;p=5640"},"modified":"2026-02-10T15:02:59","modified_gmt":"2026-02-10T14:02:59","slug":"cle-usb-ref-85-061-2025","status":"publish","type":"product","link":"https:\/\/www.boutique.admr85.org\/index.php\/produit\/cle-usb-ref-85-061-2025\/","title":{"rendered":"Cl\u00e9 USB &#8211; R\u00e9f. 85-061 (2025)"},"content":{"rendered":"","protected":false},"excerpt":{"rendered":"<p>Cl\u00e9 USB 16Go<\/p>\n<p>Boostez votre productivit\u00e9 avec nos cl\u00e9s USB 16Go !<\/p>\n<p>Stockage fiable et rapide pour tous vos besoins num\u00e9riques. Emportez vos fichiers partout avec style et facilit\u00e9.<\/p>\n","protected":false},"featured_media":5641,"template":"","meta":[],"product_brand":[],"product_cat":[98],"product_tag":[],"class_list":{"0":"post-5640","1":"product","2":"type-product","3":"status-publish","4":"has-post-thumbnail","6":"product_cat-objets-et-jeux-admr","8":"entry","9":"has-media","11":"first","12":"instock","13":"taxable","14":"shipping-taxable","15":"purchasable","16":"product-type-simple","17":"has-product-nav","18":"col","19":"span_1_of_4","20":"owp-content-center","21":"owp-thumbs-layout-horizontal","22":"owp-btn-big","23":"owp-tabs-layout-horizontal","24":"has-no-thumbnails"},"_links":{"self":[{"href":"https:\/\/www.boutique.admr85.org\/index.php\/wp-json\/wp\/v2\/product\/5640","targetHints":{"allow":["GET"]}}],"collection":[{"href":"https:\/\/www.boutique.admr85.org\/index.php\/wp-json\/wp\/v2\/product"}],"about":[{"href":"https:\/\/www.boutique.admr85.org\/index.php\/wp-json\/wp\/v2\/types\/product"}],"wp:featuredmedia":[{"embeddable":true,"href":"https:\/\/www.boutique.admr85.org\/index.php\/wp-json\/wp\/v2\/media\/5641"}],"wp:attachment":[{"href":"https:\/\/www.boutique.admr85.org\/index.php\/wp-json\/wp\/v2\/media?parent=5640"}],"wp:term":[{"taxonomy":"product_brand","embeddable":true,"href":"https:\/\/www.boutique.admr85.org\/index.php\/wp-json\/wp\/v2\/product_brand?post=5640"},{"taxonomy":"product_cat","embeddable":true,"href":"https:\/\/www.boutique.admr85.org\/index.php\/wp-json\/wp\/v2\/product_cat?post=5640"},{"taxonomy":"product_tag","embeddable":true,"href":"https:\/\/www.boutique.admr85.org\/index.php\/wp-json\/wp\/v2\/product_tag?post=5640"}],"curies":[{"name":"wp","href":"https:\/\/api.w.org\/{rel}","templated":true}]}}