{"id":5712,"date":"2025-04-17T14:13:04","date_gmt":"2025-04-17T12:13:04","guid":{"rendered":"https:\/\/www.boutique.admr85.org\/?post_type=product&#038;p=5712"},"modified":"2025-05-16T11:24:55","modified_gmt":"2025-05-16T09:24:55","slug":"cartes-promotion-facebook-pour-les-cds-ref-85-515-2025","status":"publish","type":"product","link":"https:\/\/www.boutique.admr85.org\/index.php\/produit\/cartes-promotion-facebook-pour-les-cds-ref-85-515-2025\/","title":{"rendered":"Cartes promotion Facebook pour les CDS &#8211; r\u00e9f 85-078 (2025)"},"content":{"rendered":"","protected":false},"excerpt":{"rendered":"<p class=\"\" data-start=\"104\" data-end=\"202\"><strong data-start=\"104\" data-end=\"202\">Carte \u00e0 glisser dans vos packs accueil et\/ou packs embauche pour valoriser vos pages Facebook.<\/strong><\/p>\n<p class=\"\" data-start=\"204\" data-end=\"301\">Carte \u00e0 personnaliser : une fois la commande pass\u00e9e, un visuel vous sera propos\u00e9 pour validation.<\/p>\n<p data-start=\"204\" data-end=\"301\">Dim. : 8.5 x 5.5<\/p>\n","protected":false},"featured_media":5713,"template":"","meta":[],"product_brand":[],"product_cat":[67,81,61,62],"product_tag":[],"class_list":{"0":"post-5712","1":"product","2":"type-product","3":"status-publish","4":"has-post-thumbnail","6":"product_cat-papeterie-carterie","7":"product_cat-papeterie-carterie-2","8":"product_cat-saad","9":"product_cat-services-de-sante","11":"entry","12":"has-media","14":"first","15":"instock","16":"taxable","17":"shipping-taxable","18":"purchasable","19":"product-type-simple","20":"has-product-nav","21":"col","22":"span_1_of_4","23":"owp-content-center","24":"owp-thumbs-layout-horizontal","25":"owp-btn-big","26":"owp-tabs-layout-horizontal","27":"has-no-thumbnails"},"_links":{"self":[{"href":"https:\/\/www.boutique.admr85.org\/index.php\/wp-json\/wp\/v2\/product\/5712","targetHints":{"allow":["GET"]}}],"collection":[{"href":"https:\/\/www.boutique.admr85.org\/index.php\/wp-json\/wp\/v2\/product"}],"about":[{"href":"https:\/\/www.boutique.admr85.org\/index.php\/wp-json\/wp\/v2\/types\/product"}],"wp:featuredmedia":[{"embeddable":true,"href":"https:\/\/www.boutique.admr85.org\/index.php\/wp-json\/wp\/v2\/media\/5713"}],"wp:attachment":[{"href":"https:\/\/www.boutique.admr85.org\/index.php\/wp-json\/wp\/v2\/media?parent=5712"}],"wp:term":[{"taxonomy":"product_brand","embeddable":true,"href":"https:\/\/www.boutique.admr85.org\/index.php\/wp-json\/wp\/v2\/product_brand?post=5712"},{"taxonomy":"product_cat","embeddable":true,"href":"https:\/\/www.boutique.admr85.org\/index.php\/wp-json\/wp\/v2\/product_cat?post=5712"},{"taxonomy":"product_tag","embeddable":true,"href":"https:\/\/www.boutique.admr85.org\/index.php\/wp-json\/wp\/v2\/product_tag?post=5712"}],"curies":[{"name":"wp","href":"https:\/\/api.w.org\/{rel}","templated":true}]}}