{"id":5862,"date":"2025-07-01T12:35:20","date_gmt":"2025-07-01T10:35:20","guid":{"rendered":"https:\/\/www.boutique.admr85.org\/?post_type=product&#038;p=5862"},"modified":"2025-07-01T12:38:48","modified_gmt":"2025-07-01T10:38:48","slug":"flyer-le-moulin-enchante-ref-85-132-2025","status":"publish","type":"product","link":"https:\/\/www.boutique.admr85.org\/index.php\/produit\/flyer-le-moulin-enchante-ref-85-132-2025\/","title":{"rendered":"Flyer Le Moulin Enchant\u00e9 &#8211; R\u00e9f. 85-132 (2025)"},"content":{"rendered":"<p>Flyer micro-cr\u00e8che Le Moulin Enchant\u00e9<\/p>\n<p>Pr\u00e9sentation de la micro-cr\u00e8che<\/p>\n<p>Format : 100&#215;210<\/p>\n<p>4 pages<\/p>\n","protected":false},"excerpt":{"rendered":"<p>Flyer micro-cr\u00e8che Le Moulin Enchant\u00e9 Pr\u00e9sentation de la micro-cr\u00e8che Format : 100&#215;210 4 pages<\/p>\n","protected":false},"featured_media":5863,"template":"","meta":[],"product_brand":[],"product_cat":[130],"product_tag":[],"class_list":{"0":"post-5862","1":"product","2":"type-product","3":"status-publish","4":"has-post-thumbnail","6":"product_cat-micro-creche","8":"entry","9":"has-media","11":"first","12":"instock","13":"taxable","14":"shipping-taxable","15":"purchasable","16":"product-type-simple","17":"has-product-nav","18":"col","19":"span_1_of_4","20":"owp-content-center","21":"owp-thumbs-layout-horizontal","22":"owp-btn-big","23":"owp-tabs-layout-horizontal","24":"has-no-thumbnails"},"_links":{"self":[{"href":"https:\/\/www.boutique.admr85.org\/index.php\/wp-json\/wp\/v2\/product\/5862","targetHints":{"allow":["GET"]}}],"collection":[{"href":"https:\/\/www.boutique.admr85.org\/index.php\/wp-json\/wp\/v2\/product"}],"about":[{"href":"https:\/\/www.boutique.admr85.org\/index.php\/wp-json\/wp\/v2\/types\/product"}],"wp:featuredmedia":[{"embeddable":true,"href":"https:\/\/www.boutique.admr85.org\/index.php\/wp-json\/wp\/v2\/media\/5863"}],"wp:attachment":[{"href":"https:\/\/www.boutique.admr85.org\/index.php\/wp-json\/wp\/v2\/media?parent=5862"}],"wp:term":[{"taxonomy":"product_brand","embeddable":true,"href":"https:\/\/www.boutique.admr85.org\/index.php\/wp-json\/wp\/v2\/product_brand?post=5862"},{"taxonomy":"product_cat","embeddable":true,"href":"https:\/\/www.boutique.admr85.org\/index.php\/wp-json\/wp\/v2\/product_cat?post=5862"},{"taxonomy":"product_tag","embeddable":true,"href":"https:\/\/www.boutique.admr85.org\/index.php\/wp-json\/wp\/v2\/product_tag?post=5862"}],"curies":[{"name":"wp","href":"https:\/\/api.w.org\/{rel}","templated":true}]}}