{"id":5882,"date":"2025-07-03T13:48:04","date_gmt":"2025-07-03T11:48:04","guid":{"rendered":"https:\/\/www.boutique.admr85.org\/?post_type=product&#038;p=5882"},"modified":"2026-03-12T11:16:11","modified_gmt":"2026-03-12T10:16:11","slug":"badge-evenementiel-ref-85-047-2025","status":"publish","type":"product","link":"https:\/\/www.boutique.admr85.org\/index.php\/produit\/badge-evenementiel-ref-85-047-2025\/","title":{"rendered":"Badge \u00e9v\u00e8nementiel &#8211; R\u00e9f. 85-047 (2025)"},"content":{"rendered":"","protected":false},"excerpt":{"rendered":"<p>Badge de 56 mm de diam\u00e8tre, coque en m\u00e9tal, \u00e9pingle \u00e0 nourrice au verso du badge pour la fixation<\/p>\n<div class=\"elementor-element elementor-element-7f43f8ae elementor-widget__width-initial elementor-widget-tablet__width-inherit elementor-widget elementor-widget-woocommerce-product-content\" data-id=\"7f43f8ae\" data-element_type=\"widget\" data-widget_type=\"woocommerce-product-content.default\">\n<div class=\"elementor-widget-container\">\n<p class=\"Default\">Avec marquage en quadrichromie haute qualit\u00e9, prot\u00e9g\u00e9 de l\u2019eau et des UV par un mylar, film en plastique, inclus.<\/p>\n<\/div>\n<\/div>\n","protected":false},"featured_media":5883,"template":"","meta":[],"product_brand":[],"product_cat":[98],"product_tag":[],"class_list":{"0":"post-5882","1":"product","2":"type-product","3":"status-publish","4":"has-post-thumbnail","6":"product_cat-objets-et-jeux-admr","8":"entry","9":"has-media","11":"first","12":"instock","13":"taxable","14":"shipping-taxable","15":"purchasable","16":"product-type-simple","17":"has-product-nav","18":"col","19":"span_1_of_4","20":"owp-content-center","21":"owp-thumbs-layout-horizontal","22":"owp-btn-big","23":"owp-tabs-layout-horizontal","24":"has-no-thumbnails"},"_links":{"self":[{"href":"https:\/\/www.boutique.admr85.org\/index.php\/wp-json\/wp\/v2\/product\/5882","targetHints":{"allow":["GET"]}}],"collection":[{"href":"https:\/\/www.boutique.admr85.org\/index.php\/wp-json\/wp\/v2\/product"}],"about":[{"href":"https:\/\/www.boutique.admr85.org\/index.php\/wp-json\/wp\/v2\/types\/product"}],"wp:featuredmedia":[{"embeddable":true,"href":"https:\/\/www.boutique.admr85.org\/index.php\/wp-json\/wp\/v2\/media\/5883"}],"wp:attachment":[{"href":"https:\/\/www.boutique.admr85.org\/index.php\/wp-json\/wp\/v2\/media?parent=5882"}],"wp:term":[{"taxonomy":"product_brand","embeddable":true,"href":"https:\/\/www.boutique.admr85.org\/index.php\/wp-json\/wp\/v2\/product_brand?post=5882"},{"taxonomy":"product_cat","embeddable":true,"href":"https:\/\/www.boutique.admr85.org\/index.php\/wp-json\/wp\/v2\/product_cat?post=5882"},{"taxonomy":"product_tag","embeddable":true,"href":"https:\/\/www.boutique.admr85.org\/index.php\/wp-json\/wp\/v2\/product_tag?post=5882"}],"curies":[{"name":"wp","href":"https:\/\/api.w.org\/{rel}","templated":true}]}}