{"id":6280,"date":"2026-01-20T15:30:51","date_gmt":"2026-01-20T14:30:51","guid":{"rendered":"https:\/\/www.boutique.admr85.org\/?post_type=product&#038;p=6280"},"modified":"2026-01-20T17:03:40","modified_gmt":"2026-01-20T16:03:40","slug":"livret-la-memoire-ca-sentretient-suivez-le-guide-ref-85-143-2026","status":"publish","type":"product","link":"https:\/\/www.boutique.admr85.org\/index.php\/produit\/livret-la-memoire-ca-sentretient-suivez-le-guide-ref-85-143-2026\/","title":{"rendered":"Livret La M\u00e9moire \u00e7a s&rsquo;entretient ! suivez le guide &#8211; r\u00e9f 85-143 (2026)"},"content":{"rendered":"<p>Les Ateliers Pr\u00e9vention Sant\u00e9<\/p>\n","protected":false},"excerpt":{"rendered":"<p>Les Ateliers Pr\u00e9vention Sant\u00e9<\/p>\n","protected":false},"featured_media":6283,"template":"","meta":[],"product_brand":[],"product_cat":[86,62],"product_tag":[],"class_list":{"0":"post-6280","1":"product","2":"type-product","3":"status-publish","4":"has-post-thumbnail","6":"product_cat-prevention-sante","7":"product_cat-services-de-sante","9":"entry","10":"has-media","12":"first","13":"instock","14":"taxable","15":"shipping-taxable","16":"purchasable","17":"product-type-simple","18":"has-product-nav","19":"col","20":"span_1_of_4","21":"owp-content-center","22":"owp-thumbs-layout-horizontal","23":"owp-btn-big","24":"owp-tabs-layout-horizontal","25":"has-no-thumbnails"},"_links":{"self":[{"href":"https:\/\/www.boutique.admr85.org\/index.php\/wp-json\/wp\/v2\/product\/6280","targetHints":{"allow":["GET"]}}],"collection":[{"href":"https:\/\/www.boutique.admr85.org\/index.php\/wp-json\/wp\/v2\/product"}],"about":[{"href":"https:\/\/www.boutique.admr85.org\/index.php\/wp-json\/wp\/v2\/types\/product"}],"wp:featuredmedia":[{"embeddable":true,"href":"https:\/\/www.boutique.admr85.org\/index.php\/wp-json\/wp\/v2\/media\/6283"}],"wp:attachment":[{"href":"https:\/\/www.boutique.admr85.org\/index.php\/wp-json\/wp\/v2\/media?parent=6280"}],"wp:term":[{"taxonomy":"product_brand","embeddable":true,"href":"https:\/\/www.boutique.admr85.org\/index.php\/wp-json\/wp\/v2\/product_brand?post=6280"},{"taxonomy":"product_cat","embeddable":true,"href":"https:\/\/www.boutique.admr85.org\/index.php\/wp-json\/wp\/v2\/product_cat?post=6280"},{"taxonomy":"product_tag","embeddable":true,"href":"https:\/\/www.boutique.admr85.org\/index.php\/wp-json\/wp\/v2\/product_tag?post=6280"}],"curies":[{"name":"wp","href":"https:\/\/api.w.org\/{rel}","templated":true}]}}